{"id":1571,"date":"2024-10-29T00:53:43","date_gmt":"2024-10-29T00:53:43","guid":{"rendered":"https:\/\/instmanfield.com\/politique-qualite\/"},"modified":"2024-10-29T00:53:43","modified_gmt":"2024-10-29T00:53:43","slug":"politique-qualite","status":"publish","type":"page","link":"https:\/\/instmanfield.com\/fr\/politique-qualite\/","title":{"rendered":"Politique Qualit\u00e9"},"content":{"rendered":"<p>L&rsquo;objectif principal d&rsquo;INSTMAN FIELD est d&rsquo;\u00eatre une entreprise leader dans la fabrication de chaudi\u00e8res \u00e0 vapeur et d&rsquo;\u00e9quipements sous pression. La Direction de l&rsquo;entreprise est totalement convaincue de l&rsquo;utilit\u00e9 et de l&rsquo;importance du Management de la Qualit\u00e9 dans une perspective d&rsquo;am\u00e9lioration continue et de satisfaction client. C&rsquo;est pour cette raison que nous nous pr\u00e9parons \u00e0 mettre en \u0153uvre un syst\u00e8me de gestion de la qualit\u00e9 bas\u00e9 sur la norme UNE EN-ISO 9001:2015. Avec cet engagement de la Direction, il implique tout le personnel de l&rsquo;entreprise, dans le but de suivre la Politique Qualit\u00e9 d\u00e9finie et d&rsquo;atteindre les objectifs fix\u00e9s :<\/p>\n<ul>\n<li>Mettre en \u0153uvre, d\u00e9velopper et maintenir un syst\u00e8me de gestion de la qualit\u00e9 et promouvoir l&rsquo;engagement de la direction envers l&rsquo;am\u00e9lioration continue du syst\u00e8me.<\/li>\n<\/ul>\n<ul>\n<li>Satisfaire aux exigences l\u00e9gales et r\u00e9glementaires, et autres souscrites par l&rsquo;organisation, ainsi que les engagements acquis aupr\u00e8s des clients, fournisseurs et collaborateurs.<\/li>\n<\/ul>\n<ul>\n<li>Suivez l&rsquo;\u00e9volution du march\u00e9 et, si possible, anticipez ses demandes.<\/li>\n<\/ul>\n<ul>\n<li>Gardez toujours \u00e0 l&rsquo;esprit et dans chaque action les valeurs de l&rsquo;entreprise : Professionnalisme, Respect, Proximit\u00e9, Honn\u00eatet\u00e9, Implication et Performance maximale.<\/li>\n<\/ul>\n<p>\u00c0 Ametlla del Vall\u00e8s, le 24 mars 2022<\/p>\n","protected":false},"excerpt":{"rendered":"<p>L&rsquo;objectif principal d&rsquo;INSTMAN FIELD est d&rsquo;\u00eatre une entreprise leader dans la fabrication de chaudi\u00e8res \u00e0 vapeur et d&rsquo;\u00e9quipements sous pression. La Direction de l&rsquo;entreprise est totalement convaincue de l&rsquo;utilit\u00e9 et de l&rsquo;importance du Management de la Qualit\u00e9 dans une perspective d&rsquo;am\u00e9lioration continue et de satisfaction client. C&rsquo;est pour cette raison que nous nous pr\u00e9parons \u00e0 [&hellip;]<\/p>\n","protected":false},"author":2,"featured_media":0,"parent":0,"menu_order":0,"comment_status":"closed","ping_status":"closed","template":"","meta":{"_acf_changed":false,"footnotes":""},"class_list":["post-1571","page","type-page","status-publish","hentry"],"acf":[],"yoast_head":"<!-- This site is optimized with the Yoast SEO plugin v27.1.1 - https:\/\/yoast.com\/product\/yoast-seo-wordpress\/ -->\n<title>Politique Qualit\u00e9 - INSTMAN FIELD<\/title>\n<meta name=\"robots\" content=\"index, follow, max-snippet:-1, max-image-preview:large, max-video-preview:-1\" \/>\n<link rel=\"canonical\" href=\"https:\/\/instmanfield.com\/fr\/politique-qualite\/\" \/>\n<meta property=\"og:locale\" content=\"fr_FR\" \/>\n<meta property=\"og:type\" content=\"article\" \/>\n<meta property=\"og:title\" content=\"Politique Qualit\u00e9 - INSTMAN FIELD\" \/>\n<meta property=\"og:description\" content=\"L&rsquo;objectif principal d&rsquo;INSTMAN FIELD est d&rsquo;\u00eatre une entreprise leader dans la fabrication de chaudi\u00e8res \u00e0 vapeur et d&rsquo;\u00e9quipements sous pression. La Direction de l&rsquo;entreprise est totalement convaincue de l&rsquo;utilit\u00e9 et de l&rsquo;importance du Management de la Qualit\u00e9 dans une perspective d&rsquo;am\u00e9lioration continue et de satisfaction client. C&rsquo;est pour cette raison que nous nous pr\u00e9parons \u00e0 [&hellip;]\" \/>\n<meta property=\"og:url\" content=\"https:\/\/instmanfield.com\/fr\/politique-qualite\/\" \/>\n<meta property=\"og:site_name\" content=\"INSTMAN FIELD\" \/>\n<meta name=\"twitter:card\" content=\"summary_large_image\" \/>\n<meta name=\"twitter:label1\" content=\"Dur\u00e9e de lecture estim\u00e9e\" \/>\n\t<meta name=\"twitter:data1\" content=\"1 minute\" \/>\n<script type=\"application\/ld+json\" class=\"yoast-schema-graph\">{\"@context\":\"https:\/\/schema.org\",\"@graph\":[{\"@type\":\"WebPage\",\"@id\":\"https:\/\/instmanfield.com\/fr\/politique-qualite\/\",\"url\":\"https:\/\/instmanfield.com\/fr\/politique-qualite\/\",\"name\":\"Politique Qualit\u00e9 - INSTMAN FIELD\",\"isPartOf\":{\"@id\":\"https:\/\/instmanfield.com\/#website\"},\"datePublished\":\"2024-10-29T00:53:43+00:00\",\"breadcrumb\":{\"@id\":\"https:\/\/instmanfield.com\/fr\/politique-qualite\/#breadcrumb\"},\"inLanguage\":\"fr-FR\",\"potentialAction\":[{\"@type\":\"ReadAction\",\"target\":[\"https:\/\/instmanfield.com\/fr\/politique-qualite\/\"]}]},{\"@type\":\"BreadcrumbList\",\"@id\":\"https:\/\/instmanfield.com\/fr\/politique-qualite\/#breadcrumb\",\"itemListElement\":[{\"@type\":\"ListItem\",\"position\":1,\"name\":\"Portada\",\"item\":\"https:\/\/instmanfield.com\/fr\/entreprise\/\"},{\"@type\":\"ListItem\",\"position\":2,\"name\":\"Politique Qualit\u00e9\"}]},{\"@type\":\"WebSite\",\"@id\":\"https:\/\/instmanfield.com\/#website\",\"url\":\"https:\/\/instmanfield.com\/\",\"name\":\"INSTMAN FIELD\",\"description\":\"Servicio integral de ingenier\u00eda para soluciones industriales y eficiencia energ\u00e9tica del vapor\",\"publisher\":{\"@id\":\"https:\/\/instmanfield.com\/#organization\"},\"potentialAction\":[{\"@type\":\"SearchAction\",\"target\":{\"@type\":\"EntryPoint\",\"urlTemplate\":\"https:\/\/instmanfield.com\/?s={search_term_string}\"},\"query-input\":{\"@type\":\"PropertyValueSpecification\",\"valueRequired\":true,\"valueName\":\"search_term_string\"}}],\"inLanguage\":\"fr-FR\"},{\"@type\":\"Organization\",\"@id\":\"https:\/\/instmanfield.com\/#organization\",\"name\":\"INSTMAN FIELD\",\"url\":\"https:\/\/instmanfield.com\/\",\"logo\":{\"@type\":\"ImageObject\",\"inLanguage\":\"fr-FR\",\"@id\":\"https:\/\/instmanfield.com\/#\/schema\/logo\/image\/\",\"url\":\"https:\/\/instmanfield.com\/wp-content\/uploads\/2023\/03\/instamanLogo.png\",\"contentUrl\":\"https:\/\/instmanfield.com\/wp-content\/uploads\/2023\/03\/instamanLogo.png\",\"width\":371,\"height\":221,\"caption\":\"INSTMAN FIELD\"},\"image\":{\"@id\":\"https:\/\/instmanfield.com\/#\/schema\/logo\/image\/\"}}]}<\/script>\n<!-- \/ Yoast SEO plugin. -->","yoast_head_json":{"title":"Politique Qualit\u00e9 - INSTMAN FIELD","robots":{"index":"index","follow":"follow","max-snippet":"max-snippet:-1","max-image-preview":"max-image-preview:large","max-video-preview":"max-video-preview:-1"},"canonical":"https:\/\/instmanfield.com\/fr\/politique-qualite\/","og_locale":"fr_FR","og_type":"article","og_title":"Politique Qualit\u00e9 - INSTMAN FIELD","og_description":"L&rsquo;objectif principal d&rsquo;INSTMAN FIELD est d&rsquo;\u00eatre une entreprise leader dans la fabrication de chaudi\u00e8res \u00e0 vapeur et d&rsquo;\u00e9quipements sous pression. La Direction de l&rsquo;entreprise est totalement convaincue de l&rsquo;utilit\u00e9 et de l&rsquo;importance du Management de la Qualit\u00e9 dans une perspective d&rsquo;am\u00e9lioration continue et de satisfaction client. C&rsquo;est pour cette raison que nous nous pr\u00e9parons \u00e0 [&hellip;]","og_url":"https:\/\/instmanfield.com\/fr\/politique-qualite\/","og_site_name":"INSTMAN FIELD","twitter_card":"summary_large_image","twitter_misc":{"Dur\u00e9e de lecture estim\u00e9e":"1 minute"},"schema":{"@context":"https:\/\/schema.org","@graph":[{"@type":"WebPage","@id":"https:\/\/instmanfield.com\/fr\/politique-qualite\/","url":"https:\/\/instmanfield.com\/fr\/politique-qualite\/","name":"Politique Qualit\u00e9 - INSTMAN FIELD","isPartOf":{"@id":"https:\/\/instmanfield.com\/#website"},"datePublished":"2024-10-29T00:53:43+00:00","breadcrumb":{"@id":"https:\/\/instmanfield.com\/fr\/politique-qualite\/#breadcrumb"},"inLanguage":"fr-FR","potentialAction":[{"@type":"ReadAction","target":["https:\/\/instmanfield.com\/fr\/politique-qualite\/"]}]},{"@type":"BreadcrumbList","@id":"https:\/\/instmanfield.com\/fr\/politique-qualite\/#breadcrumb","itemListElement":[{"@type":"ListItem","position":1,"name":"Portada","item":"https:\/\/instmanfield.com\/fr\/entreprise\/"},{"@type":"ListItem","position":2,"name":"Politique Qualit\u00e9"}]},{"@type":"WebSite","@id":"https:\/\/instmanfield.com\/#website","url":"https:\/\/instmanfield.com\/","name":"INSTMAN FIELD","description":"Servicio integral de ingenier\u00eda para soluciones industriales y eficiencia energ\u00e9tica del vapor","publisher":{"@id":"https:\/\/instmanfield.com\/#organization"},"potentialAction":[{"@type":"SearchAction","target":{"@type":"EntryPoint","urlTemplate":"https:\/\/instmanfield.com\/?s={search_term_string}"},"query-input":{"@type":"PropertyValueSpecification","valueRequired":true,"valueName":"search_term_string"}}],"inLanguage":"fr-FR"},{"@type":"Organization","@id":"https:\/\/instmanfield.com\/#organization","name":"INSTMAN FIELD","url":"https:\/\/instmanfield.com\/","logo":{"@type":"ImageObject","inLanguage":"fr-FR","@id":"https:\/\/instmanfield.com\/#\/schema\/logo\/image\/","url":"https:\/\/instmanfield.com\/wp-content\/uploads\/2023\/03\/instamanLogo.png","contentUrl":"https:\/\/instmanfield.com\/wp-content\/uploads\/2023\/03\/instamanLogo.png","width":371,"height":221,"caption":"INSTMAN FIELD"},"image":{"@id":"https:\/\/instmanfield.com\/#\/schema\/logo\/image\/"}}]}},"_links":{"self":[{"href":"https:\/\/instmanfield.com\/fr\/wp-json\/wp\/v2\/pages\/1571","targetHints":{"allow":["GET"]}}],"collection":[{"href":"https:\/\/instmanfield.com\/fr\/wp-json\/wp\/v2\/pages"}],"about":[{"href":"https:\/\/instmanfield.com\/fr\/wp-json\/wp\/v2\/types\/page"}],"author":[{"embeddable":true,"href":"https:\/\/instmanfield.com\/fr\/wp-json\/wp\/v2\/users\/2"}],"replies":[{"embeddable":true,"href":"https:\/\/instmanfield.com\/fr\/wp-json\/wp\/v2\/comments?post=1571"}],"version-history":[{"count":0,"href":"https:\/\/instmanfield.com\/fr\/wp-json\/wp\/v2\/pages\/1571\/revisions"}],"wp:attachment":[{"href":"https:\/\/instmanfield.com\/fr\/wp-json\/wp\/v2\/media?parent=1571"}],"curies":[{"name":"wp","href":"https:\/\/api.w.org\/{rel}","templated":true}]}}