{"id":1114,"date":"2022-05-24T11:09:59","date_gmt":"2022-05-24T11:09:59","guid":{"rendered":"https:\/\/instmanfield.com\/politique-de-cookies\/"},"modified":"2025-11-24T22:01:47","modified_gmt":"2025-11-24T22:01:47","slug":"politique-de-cookies","status":"publish","type":"page","link":"https:\/\/instmanfield.com\/fr\/politique-de-cookies\/","title":{"rendered":"Politique de cookies"},"content":{"rendered":"<p><strong>POL\u00cdTICA DE COOKIES<\/strong><\/p>\n<p>INSTMAN FIELD utilise des cookies pour faciliter la navigation sur ledit portail et pour obtenir une plus grande efficacit\u00e9 et personnalisation des services offerts aux utilisateurs.<\/p>\n<p>Les cookies utilis\u00e9s dans INSTMAN FIELD sont uniquement associ\u00e9s \u00e0 un utilisateur anonyme et \u00e0 son ordinateur, ils ne fournissent pas de r\u00e9f\u00e9rences permettant de d\u00e9duire le nom et le pr\u00e9nom de l&rsquo;utilisateur et ils ne peuvent pas lire les donn\u00e9es de son disque dur ni inclure de virus sur son ordinateur.<\/p>\n<p>De m\u00eame, INSTMAN FIELD ne peut pas lire les cookies implant\u00e9s sur le disque dur de l&rsquo;utilisateur depuis d&rsquo;autres serveurs.<\/p>\n<p>L&rsquo;utilisateur peut librement d\u00e9cider de l&rsquo;implantation ou non sur son disque dur des cookies utilis\u00e9s dans INSTMAN FIELD.<\/p>\n<p>En ce sens, l&rsquo;utilisateur peut configurer son navigateur pour accepter ou refuser tous les cookies par d\u00e9faut ou pour recevoir un avis sur l&rsquo;\u00e9cran de la r\u00e9ception de chaque cookie et d\u00e9cider \u00e0 ce moment de l&rsquo;implanter ou non sur son disque dur. Pour ce faire, nous vous sugg\u00e9rons de consulter la section d&rsquo;aide de votre navigateur pour savoir comment modifier la configuration que vous utilisez actuellement.<\/p>\n<p>M\u00eame si l&rsquo;utilisateur configure son navigateur pour rejeter tous les cookies ou rejette express\u00e9ment les cookies INSTMAN FIELD, il pourra naviguer sur le portail avec le seul inconv\u00e9nient de ne pas pouvoir profiter des fonctionnalit\u00e9s du portail qui n\u00e9cessitent l&rsquo;installation de l&rsquo;un d&rsquo;entre eux.<\/p>\n<p>Dans tous les cas, l&rsquo;utilisateur peut supprimer \u00e0 tout moment les cookies INSTMAN FIELD implant\u00e9s sur son disque dur, en suivant la proc\u00e9dure \u00e9tablie dans la section d&rsquo;aide de son navigateur ou en acc\u00e9dant au lien Politique de cookies sur ce site.<\/p>\n<p>&nbsp;<\/p>\n<p><strong>ANT\u00c9C\u00c9DENTS<\/strong><\/p>\n<p>Conform\u00e9ment \u00e0 la r\u00e9glementation espagnole qui r\u00e9glemente l&rsquo;utilisation des cookies en relation avec la fourniture de services de communications \u00e9lectroniques, contenue dans le d\u00e9cret-loi royal 13\/2012 du 30 mars, nous vous informons sur les cookies utilis\u00e9s sur le site INSTMAN FIELD , et la raison pour son utilisation.<\/p>\n<p>De m\u00eame, nous vous informons qu&rsquo;en naviguant sur le Site, l&rsquo;utilisateur donne son consentement pour pouvoir les utiliser.<\/p>\n<p>&nbsp;<\/p>\n<p><strong>QU&rsquo;EST-CE QUE LES COOKIES ?<\/strong><\/p>\n<p>&nbsp;<\/p>\n<p>Un cookie est un fichier t\u00e9l\u00e9charg\u00e9 sur votre ordinateur lors de l&rsquo;acc\u00e8s \u00e0 certaines pages Web.<\/p>\n<p>Les cookies permettent, entre autres, \u00e0 une page Web de stocker et de r\u00e9cup\u00e9rer des informations sur les habitudes de navigation d&rsquo;un utilisateur ou de son \u00e9quipement et, en fonction des informations qu&rsquo;ils contiennent et de la mani\u00e8re dont vous utilisez votre \u00e9quipement, ils peuvent \u00eatre utilis\u00e9s pour reconna\u00eetre \u00e0 utilisateur.<\/p>\n<p>Les cookies sont uniquement associ\u00e9s \u00e0 un utilisateur anonyme et \u00e0 son ordinateur ou appareil et ne fournissent pas de r\u00e9f\u00e9rences permettant de conna\u00eetre ses donn\u00e9es personnelles.<\/p>\n<p>&nbsp;<\/p>\n<p><strong>COOKIES AFFECT\u00c9S PAR LA R\u00c9GLEMENTATION ET COOKIES EXEMPT\u00c9S<\/strong><\/p>\n<p>Selon la directive europ\u00e9enne, les cookies qui n\u00e9cessitent le consentement \u00e9clair\u00e9 de l&rsquo;utilisateur sont les cookies analytiques et les cookies publicitaires et d&rsquo;affiliation, \u00e0 l&rsquo;exception de ceux \u00e0 caract\u00e8re technique et de ceux n\u00e9cessaires au fonctionnement du site ou \u00e0 la fourniture de services express\u00e9ment demand\u00e9s par l&rsquo;utilisateur.<\/p>\n<p>&nbsp;<\/p>\n<p><strong>TYPES DE COOKIES<\/strong><\/p>\n<p>&nbsp;<\/p>\n<ol>\n<li>a) Seg\u00fan la entidad que las gestione, hay <strong>Cookies propias<\/strong>(aqu\u00e9llas que se env\u00edan al equipo terminal del usuario desde un equipo o dominio gestionado por el propio editor y desde el que se presta el servicio Solicitado por el usuario) y <strong>de terceros<\/strong> (las que se env\u00edan al equipo terminal del usuario desde un equipo o dominio que no es gestionado por el editor, sino por otra entidad que trata los datos obtenidos trav\u00e9s de las cookies).<\/li>\n<\/ol>\n<p>&nbsp;<\/p>\n<ol>\n<li>b) Selon leur dur\u00e9e d&rsquo;activit\u00e9, on distingue les cookies de session (con\u00e7us pour collecter et stocker des donn\u00e9es pendant que l&rsquo;utilisateur acc\u00e8de \u00e0 un site web) et les cookies persistants (dans lesquels les donn\u00e9es sont stock\u00e9es sur le terminal et peuvent \u00eatre consult\u00e9es et trait\u00e9es pendant une p\u00e9riode d\u00e9finie par le propri\u00e9taire du cookie &#8211; qui peut aller de quelques minutes \u00e0 plusieurs ann\u00e9es).<\/li>\n<\/ol>\n<p>&nbsp;<\/p>\n<ol>\n<li>c) Selon la finalit\u00e9 pour laquelle ils traitent les informations qu&rsquo;ils collectent, ils peuvent \u00eatre :<\/li>\n<\/ol>\n<p>&nbsp;<\/p>\n<p><strong>Cookies techniques<\/strong>(n\u00e9cessaire \u00e0 l&rsquo;utilisation du site Web et \u00e0 la fourniture du service contractuel),<\/p>\n<p><strong>Cookies de personnalisation:<\/strong>(qui permettent \u00e0 l&rsquo;utilisateur d&rsquo;acc\u00e9der au service avec des caract\u00e9ristiques pr\u00e9d\u00e9finies, telles que la langue, le type de navigateur, la configuration r\u00e9gionale, etc.)<\/p>\n<p><strong>Cookies d&rsquo;analyse:<\/strong> (ils collectent des informations sur l&rsquo;utilisation faite du web).<\/p>\n<p><strong>Cookies publicitaires:<\/strong>(ils collectent des informations sur les pr\u00e9f\u00e9rences et les choix personnels des utilisateurs).<\/p>\n<p><strong>Cookies d&rsquo;affiliation:<\/strong> (ils permettent de suivre les visites d&rsquo;autres sites, avec lesquels le site \u00e9tablit un contrat d&rsquo;affiliation).<\/p>\n","protected":false},"excerpt":{"rendered":"<p>POL\u00cdTICA DE COOKIES INSTMAN FIELD utilise des cookies pour faciliter la navigation sur ledit portail et pour obtenir une plus grande efficacit\u00e9 et personnalisation des services offerts aux utilisateurs. Les cookies utilis\u00e9s dans INSTMAN FIELD sont uniquement associ\u00e9s \u00e0 un utilisateur anonyme et \u00e0 son ordinateur, ils ne fournissent pas de r\u00e9f\u00e9rences permettant de d\u00e9duire [&hellip;]<\/p>\n","protected":false},"author":2,"featured_media":0,"parent":0,"menu_order":0,"comment_status":"closed","ping_status":"closed","template":"","meta":{"_acf_changed":false,"footnotes":""},"class_list":["post-1114","page","type-page","status-publish","hentry"],"acf":[],"yoast_head":"<!-- This site is optimized with the Yoast SEO plugin v27.1.1 - https:\/\/yoast.com\/product\/yoast-seo-wordpress\/ -->\n<title>Politique de cookies - INSTMAN FIELD<\/title>\n<meta name=\"robots\" content=\"index, follow, max-snippet:-1, max-image-preview:large, max-video-preview:-1\" \/>\n<link rel=\"canonical\" href=\"https:\/\/instmanfield.com\/fr\/politique-de-cookies\/\" \/>\n<meta property=\"og:locale\" content=\"fr_FR\" \/>\n<meta property=\"og:type\" content=\"article\" \/>\n<meta property=\"og:title\" content=\"Politique de cookies - INSTMAN FIELD\" \/>\n<meta property=\"og:description\" content=\"POL\u00cdTICA DE COOKIES INSTMAN FIELD utilise des cookies pour faciliter la navigation sur ledit portail et pour obtenir une plus grande efficacit\u00e9 et personnalisation des services offerts aux utilisateurs. Les cookies utilis\u00e9s dans INSTMAN FIELD sont uniquement associ\u00e9s \u00e0 un utilisateur anonyme et \u00e0 son ordinateur, ils ne fournissent pas de r\u00e9f\u00e9rences permettant de d\u00e9duire [&hellip;]\" \/>\n<meta property=\"og:url\" content=\"https:\/\/instmanfield.com\/fr\/politique-de-cookies\/\" \/>\n<meta property=\"og:site_name\" content=\"INSTMAN FIELD\" \/>\n<meta property=\"article:modified_time\" content=\"2025-11-24T22:01:47+00:00\" \/>\n<meta name=\"twitter:card\" content=\"summary_large_image\" \/>\n<meta name=\"twitter:label1\" content=\"Dur\u00e9e de lecture estim\u00e9e\" \/>\n\t<meta name=\"twitter:data1\" content=\"4 minutes\" \/>\n<script type=\"application\/ld+json\" class=\"yoast-schema-graph\">{\"@context\":\"https:\/\/schema.org\",\"@graph\":[{\"@type\":\"WebPage\",\"@id\":\"https:\/\/instmanfield.com\/fr\/politique-de-cookies\/\",\"url\":\"https:\/\/instmanfield.com\/fr\/politique-de-cookies\/\",\"name\":\"Politique de cookies - INSTMAN FIELD\",\"isPartOf\":{\"@id\":\"https:\/\/instmanfield.com\/#website\"},\"datePublished\":\"2022-05-24T11:09:59+00:00\",\"dateModified\":\"2025-11-24T22:01:47+00:00\",\"breadcrumb\":{\"@id\":\"https:\/\/instmanfield.com\/fr\/politique-de-cookies\/#breadcrumb\"},\"inLanguage\":\"fr-FR\",\"potentialAction\":[{\"@type\":\"ReadAction\",\"target\":[\"https:\/\/instmanfield.com\/fr\/politique-de-cookies\/\"]}]},{\"@type\":\"BreadcrumbList\",\"@id\":\"https:\/\/instmanfield.com\/fr\/politique-de-cookies\/#breadcrumb\",\"itemListElement\":[{\"@type\":\"ListItem\",\"position\":1,\"name\":\"Portada\",\"item\":\"https:\/\/instmanfield.com\/fr\/entreprise\/\"},{\"@type\":\"ListItem\",\"position\":2,\"name\":\"Politique de cookies\"}]},{\"@type\":\"WebSite\",\"@id\":\"https:\/\/instmanfield.com\/#website\",\"url\":\"https:\/\/instmanfield.com\/\",\"name\":\"INSTMAN FIELD\",\"description\":\"Servicio integral de ingenier\u00eda para soluciones industriales y eficiencia energ\u00e9tica del vapor\",\"publisher\":{\"@id\":\"https:\/\/instmanfield.com\/#organization\"},\"potentialAction\":[{\"@type\":\"SearchAction\",\"target\":{\"@type\":\"EntryPoint\",\"urlTemplate\":\"https:\/\/instmanfield.com\/?s={search_term_string}\"},\"query-input\":{\"@type\":\"PropertyValueSpecification\",\"valueRequired\":true,\"valueName\":\"search_term_string\"}}],\"inLanguage\":\"fr-FR\"},{\"@type\":\"Organization\",\"@id\":\"https:\/\/instmanfield.com\/#organization\",\"name\":\"INSTMAN FIELD\",\"url\":\"https:\/\/instmanfield.com\/\",\"logo\":{\"@type\":\"ImageObject\",\"inLanguage\":\"fr-FR\",\"@id\":\"https:\/\/instmanfield.com\/#\/schema\/logo\/image\/\",\"url\":\"https:\/\/instmanfield.com\/wp-content\/uploads\/2023\/03\/instamanLogo.png\",\"contentUrl\":\"https:\/\/instmanfield.com\/wp-content\/uploads\/2023\/03\/instamanLogo.png\",\"width\":371,\"height\":221,\"caption\":\"INSTMAN FIELD\"},\"image\":{\"@id\":\"https:\/\/instmanfield.com\/#\/schema\/logo\/image\/\"}}]}<\/script>\n<!-- \/ Yoast SEO plugin. -->","yoast_head_json":{"title":"Politique de cookies - INSTMAN FIELD","robots":{"index":"index","follow":"follow","max-snippet":"max-snippet:-1","max-image-preview":"max-image-preview:large","max-video-preview":"max-video-preview:-1"},"canonical":"https:\/\/instmanfield.com\/fr\/politique-de-cookies\/","og_locale":"fr_FR","og_type":"article","og_title":"Politique de cookies - INSTMAN FIELD","og_description":"POL\u00cdTICA DE COOKIES INSTMAN FIELD utilise des cookies pour faciliter la navigation sur ledit portail et pour obtenir une plus grande efficacit\u00e9 et personnalisation des services offerts aux utilisateurs. Les cookies utilis\u00e9s dans INSTMAN FIELD sont uniquement associ\u00e9s \u00e0 un utilisateur anonyme et \u00e0 son ordinateur, ils ne fournissent pas de r\u00e9f\u00e9rences permettant de d\u00e9duire [&hellip;]","og_url":"https:\/\/instmanfield.com\/fr\/politique-de-cookies\/","og_site_name":"INSTMAN FIELD","article_modified_time":"2025-11-24T22:01:47+00:00","twitter_card":"summary_large_image","twitter_misc":{"Dur\u00e9e de lecture estim\u00e9e":"4 minutes"},"schema":{"@context":"https:\/\/schema.org","@graph":[{"@type":"WebPage","@id":"https:\/\/instmanfield.com\/fr\/politique-de-cookies\/","url":"https:\/\/instmanfield.com\/fr\/politique-de-cookies\/","name":"Politique de cookies - INSTMAN FIELD","isPartOf":{"@id":"https:\/\/instmanfield.com\/#website"},"datePublished":"2022-05-24T11:09:59+00:00","dateModified":"2025-11-24T22:01:47+00:00","breadcrumb":{"@id":"https:\/\/instmanfield.com\/fr\/politique-de-cookies\/#breadcrumb"},"inLanguage":"fr-FR","potentialAction":[{"@type":"ReadAction","target":["https:\/\/instmanfield.com\/fr\/politique-de-cookies\/"]}]},{"@type":"BreadcrumbList","@id":"https:\/\/instmanfield.com\/fr\/politique-de-cookies\/#breadcrumb","itemListElement":[{"@type":"ListItem","position":1,"name":"Portada","item":"https:\/\/instmanfield.com\/fr\/entreprise\/"},{"@type":"ListItem","position":2,"name":"Politique de cookies"}]},{"@type":"WebSite","@id":"https:\/\/instmanfield.com\/#website","url":"https:\/\/instmanfield.com\/","name":"INSTMAN FIELD","description":"Servicio integral de ingenier\u00eda para soluciones industriales y eficiencia energ\u00e9tica del vapor","publisher":{"@id":"https:\/\/instmanfield.com\/#organization"},"potentialAction":[{"@type":"SearchAction","target":{"@type":"EntryPoint","urlTemplate":"https:\/\/instmanfield.com\/?s={search_term_string}"},"query-input":{"@type":"PropertyValueSpecification","valueRequired":true,"valueName":"search_term_string"}}],"inLanguage":"fr-FR"},{"@type":"Organization","@id":"https:\/\/instmanfield.com\/#organization","name":"INSTMAN FIELD","url":"https:\/\/instmanfield.com\/","logo":{"@type":"ImageObject","inLanguage":"fr-FR","@id":"https:\/\/instmanfield.com\/#\/schema\/logo\/image\/","url":"https:\/\/instmanfield.com\/wp-content\/uploads\/2023\/03\/instamanLogo.png","contentUrl":"https:\/\/instmanfield.com\/wp-content\/uploads\/2023\/03\/instamanLogo.png","width":371,"height":221,"caption":"INSTMAN FIELD"},"image":{"@id":"https:\/\/instmanfield.com\/#\/schema\/logo\/image\/"}}]}},"_links":{"self":[{"href":"https:\/\/instmanfield.com\/fr\/wp-json\/wp\/v2\/pages\/1114","targetHints":{"allow":["GET"]}}],"collection":[{"href":"https:\/\/instmanfield.com\/fr\/wp-json\/wp\/v2\/pages"}],"about":[{"href":"https:\/\/instmanfield.com\/fr\/wp-json\/wp\/v2\/types\/page"}],"author":[{"embeddable":true,"href":"https:\/\/instmanfield.com\/fr\/wp-json\/wp\/v2\/users\/2"}],"replies":[{"embeddable":true,"href":"https:\/\/instmanfield.com\/fr\/wp-json\/wp\/v2\/comments?post=1114"}],"version-history":[{"count":1,"href":"https:\/\/instmanfield.com\/fr\/wp-json\/wp\/v2\/pages\/1114\/revisions"}],"predecessor-version":[{"id":3671,"href":"https:\/\/instmanfield.com\/fr\/wp-json\/wp\/v2\/pages\/1114\/revisions\/3671"}],"wp:attachment":[{"href":"https:\/\/instmanfield.com\/fr\/wp-json\/wp\/v2\/media?parent=1114"}],"curies":[{"name":"wp","href":"https:\/\/api.w.org\/{rel}","templated":true}]}}