{"id":1107,"date":"2022-05-24T11:10:09","date_gmt":"2022-05-24T11:10:09","guid":{"rendered":"https:\/\/instmanfield.com\/avis-juridique\/"},"modified":"2025-11-24T22:32:01","modified_gmt":"2025-11-24T22:32:01","slug":"avis-juridique","status":"publish","type":"page","link":"https:\/\/instmanfield.com\/fr\/avis-juridique\/","title":{"rendered":"Mentions l\u00e9gales et politique de confidentialit\u00e9"},"content":{"rendered":"<p><strong>AVIS JURIDIQUE<\/strong><\/p>\n<p>Cette page Web est la propri\u00e9t\u00e9 de INSTMAN FIELD, S.A. avec NIF n\u00ba A59931501 et adresse \u00e0 C\/ AIGUAFREDA 14, NAVE 1, L&rsquo;AMETLLA DEL VALL\u00c9S, 08480, BARCELONE et inscrite au Registre du Commerce de Barcelone avec les donn\u00e9es d&rsquo;enregistrement suivantes : Volume 21989, Folio 0001, Feuille 30580, 1\u00e8re inscription<\/p>\n<p>Pour toute question ou proposition, contactez-nous par e-mail : info@instmanfield.com ou par t\u00e9l\u00e9phone 937811553.<\/p>\n<p>Cette page Web est r\u00e9gie par la r\u00e9glementation exclusivement applicable en Espagne et dans l&rsquo;espace qui comprend l&rsquo;Union europ\u00e9enne, y \u00e9tant soumise, tant les nationaux que les \u00e9trangers qui utilisent ce Web.<\/p>\n<p>L&rsquo;acc\u00e8s \u00e0 notre site par l&rsquo;UTILISATEUR est libre et conditionn\u00e9 \u00e0 la lecture pr\u00e9alable et \u00e0 l&rsquo;acceptation int\u00e9grale, expresse et sans r\u00e9serve des pr\u00e9sentes CONDITIONS G\u00c9N\u00c9RALES D&rsquo;UTILISATION en vigueur au moment de l&rsquo;acc\u00e8s, que nous vous invitons \u00e0 lire attentivement. L&rsquo;UTILISATEUR au moment o\u00f9 il utilise notre portail, ses contenus ou services, accepte et se soumet express\u00e9ment aux conditions g\u00e9n\u00e9rales d&rsquo;utilisation de celui-ci. Si l&rsquo;utilisateur n&rsquo;est pas d&rsquo;accord avec ces conditions d&rsquo;utilisation, il doit s&rsquo;abstenir d&rsquo;utiliser ce portail et de fonctionner \u00e0 travers celui-ci.<\/p>\n<p>\u00c0 tout moment, nous pouvons modifier la pr\u00e9sentation et la configuration de notre site Web, \u00e9tendre ou r\u00e9duire les services, voire le supprimer du r\u00e9seau, ainsi que les services et contenus fournis, le tout unilat\u00e9ralement et sans pr\u00e9avis.<\/p>\n<ol>\n<li><strong> PROPIEDAD INTELECTUAL<\/strong><\/li>\n<\/ol>\n<p>Tous les contenus, textes, images, marques et codes sources nous appartiennent ou appartiennent \u00e0 des tiers auxquels leurs droits d&rsquo;exploitation ont \u00e9t\u00e9 acquis, et sont prot\u00e9g\u00e9s par les droits de Propri\u00e9t\u00e9 Intellectuelle et Industrielle.<\/p>\n<p>L&rsquo;utilisateur n&rsquo;a droit qu&rsquo;\u00e0 un usage priv\u00e9 de celui-ci, sans but lucratif, et a besoin d&rsquo;une autorisation expresse pour modifier, reproduire, exploiter, distribuer ou exercer tout droit appartenant \u00e0 son propri\u00e9taire.<\/p>\n<ol>\n<li><strong> CONDITIONS D&rsquo;ACC\u00c8S<\/strong><\/li>\n<\/ol>\n<p>L&rsquo;acc\u00e8s \u00e0 notre site Web est gratuit et ne n\u00e9cessite pas d&rsquo;abonnement ou d&rsquo;inscription pr\u00e9alable.<\/p>\n<p>L&rsquo;envoi de donn\u00e9es personnelles implique l&rsquo;acceptation expresse par l&rsquo;UTILISATEUR de notre politique de confidentialit\u00e9, avec l&rsquo;activation du contr\u00f4le respectif au moment de l&rsquo;envoi de ses donn\u00e9es.<\/p>\n<p>L&rsquo;utilisateur doit acc\u00e9der \u00e0 notre site Internet conform\u00e9ment \u00e0 la bonne foi, aux r\u00e8gles d&rsquo;ordre public et aux pr\u00e9sentes Conditions G\u00e9n\u00e9rales d&rsquo;Utilisation. L&rsquo;acc\u00e8s \u00e0 notre site web s&rsquo;effectue sous la seule et exclusive responsabilit\u00e9 de l&rsquo;utilisateur, qui r\u00e9pondra en tout \u00e9tat de cause des dommages qui pourraient \u00eatre caus\u00e9s \u00e0 des tiers ou \u00e0 nous-m\u00eames.<\/p>\n<p>Compte tenu de l&rsquo;impossibilit\u00e9 de contr\u00f4ler les informations, contenus et services contenus dans d&rsquo;autres pages Web accessibles via les liens que notre page Web peut mettre \u00e0 votre disposition, nous vous informons que nous sommes exon\u00e9r\u00e9s de toute responsabilit\u00e9 pour les dommages de toute type qui pourrait d\u00e9couler de l&rsquo;utilisation de ces pages Web, en dehors de notre entreprise, par l&rsquo;utilisateur.<\/p>\n<ol>\n<li><strong> POLITIQUE DE CONFIDENTIALIT\u00c9<\/strong><\/li>\n<\/ol>\n<p>La confidentialit\u00e9 et la s\u00e9curit\u00e9 sont des valeurs fondamentales d&rsquo;INSTMAN FIELD, SA et, par cons\u00e9quent, nous assumons l&rsquo;engagement de garantir \u00e0 tout moment la confidentialit\u00e9 de l&rsquo;Utilisateur et de ne pas collecter les informations n\u00e9cessaires. ACi-dessous, nous vous fournissons toutes les informations n\u00e9cessaires sur notre politique de confidentialit\u00e9 en ce qui concerne les donn\u00e9es personnelles que nous collectons, expliquant:<\/p>\n<ul>\n<li>Qui est responsable du traitement de vos donn\u00e9es.<\/li>\n<li>\u00c0 quelles fins nous recueillons les donn\u00e9es que nous demandons.<\/li>\n<li>Quelle est la l\u00e9gitimit\u00e9 de son traitement.<\/li>\n<li>Combien de temps les gardons-nous?<\/li>\n<li>A quels destinataires vos donn\u00e9es sont communiqu\u00e9es.<\/li>\n<li>Quels sont vos droits<\/li>\n<\/ul>\n<ol>\n<li> <em> RESPONSABLE<\/em>: afficher les donn\u00e9es dans l&rsquo;en-t\u00eate<\/li>\n<li> <em> FINALIT\u00c9S, L\u00c9GITIMATION ET CONSERVATION<\/em> du traitement des donn\u00e9es transmises via :<\/li>\n<\/ol>\n<ul>\n<li>Formulaire de contact.\n<ul>\n<li>Finalit\u00e9 : vous fournir un moyen de nous contacter et de r\u00e9pondre \u00e0 vos demandes d&rsquo;informations, ainsi que de vous envoyer des communications sur nos produits, services et activit\u00e9s, y compris par voie \u00e9lectronique (e-mail, SMS, WhatsApp), uniquement si vous cochez la case correspondante l&rsquo;octroi d&rsquo;un consentement expr\u00e8s.<\/li>\n<li>L\u00e9gitimation : Le consentement de l&rsquo;utilisateur lors de la demande d&rsquo;informations via notre formulaire de contact et en cochant la case d&rsquo;acceptation de l&rsquo;envoi d&rsquo;informations.<\/li>\n<li>Conservation : Une fois votre demande r\u00e9solue via notre formulaire ou r\u00e9pondue par e-mail, si vous n&rsquo;avez pas g\u00e9n\u00e9r\u00e9 de nouveau traitement, et dans le cas o\u00f9 vous avez accept\u00e9 de recevoir des envois commerciaux, jusqu&rsquo;\u00e0 ce que vous demandiez \u00e0 les annuler.<\/li>\n<\/ul>\n<\/li>\n<li>Envoyer des emails.\n<ul>\n<li>Objectif : r\u00e9pondre \u00e0 vos demandes d&rsquo;informations, r\u00e9pondre \u00e0 vos demandes et r\u00e9pondre \u00e0 vos questions ou doutes. En caso de recibir su Curr\u00edculum Vitae, sus datos personales y curriculares podr\u00e1n formar parte de nuestras bases de datos para participar en nuestros procesos de selecci\u00f3n presentes y futuros.<\/li>\n<li>L\u00e9gitimation : Le consentement de l&rsquo;utilisateur lorsqu&rsquo;il demande des informations via l&rsquo;adresse e-mail ou nous envoie ses donn\u00e9es et son CV pour participer \u00e0 nos processus de s\u00e9lection.<\/li>\n<li>Conservation : Une fois votre demande r\u00e9pondue par email, si vous n&rsquo;avez pas g\u00e9n\u00e9r\u00e9 de nouveau traitement. En cas de r\u00e9ception de votre CV, vos donn\u00e9es pourront \u00eatre conserv\u00e9es pendant 6 mois pour les futurs processus de s\u00e9lection.<\/li>\n<\/ul>\n<\/li>\n<\/ul>\n<p><em>&#8211; Obligation de nous fournir vos donn\u00e9es personnelles et cons\u00e9quences de ne pas le faire.<\/em><\/p>\n<p>La fourniture de donn\u00e9es personnelles n\u00e9cessite un \u00e2ge minimum de 18 ans ou, le cas \u00e9ch\u00e9ant, une capacit\u00e9 juridique suffisante pour contracter. Les donn\u00e9es personnelles demand\u00e9es sont n\u00e9cessaires pour g\u00e9rer vos demandes, vous enregistrer en tant qu&rsquo;utilisateur et\/ou vous fournir les services que vous pouvez contracter, donc si vous ne nous les fournissez pas, nous ne pourrons pas vous assister correctement ou vous fournir avec le service que vous avez demand\u00e9.<\/p>\n<p>Dans tous les cas, nous nous r\u00e9servons le droit de d\u00e9cider d&rsquo;int\u00e9grer ou non vos donn\u00e9es personnelles et autres informations dans nos bases de donn\u00e9es.<\/p>\n<ol start=\"3\">\n<li><em> DESTINATAIRES AUXQUELS VOS DONN\u00c9ES SONT COMMUNIQU\u00c9ES.<\/em><\/li>\n<\/ol>\n<p>Vos donn\u00e9es sont confidentielles et ne seront pas c\u00e9d\u00e9es \u00e0 des tiers, sauf obligation l\u00e9gale.<\/p>\n<ol start=\"4\">\n<li><em> DROITS SUR VOS DONN\u00c9ES PERSONNELLES.<\/em><\/li>\n<\/ol>\n<p>Dans tous les cas, nous nous r\u00e9servons le droit de d\u00e9cider d&rsquo;incorporer ou non des donn\u00e9es personnelles et d&rsquo;autres informations dans nos bases de donn\u00e9es. En aucun cas le retrait de ce consentement ne conditionnera l&rsquo;ex\u00e9cution du contrat ou des relations g\u00e9n\u00e9r\u00e9es pr\u00e9c\u00e9demment.<\/p>\n<p>De m\u00eame, vous pouvez exercer les droits suivants :<\/p>\n<ul>\n<li>Demander l&rsquo;acc\u00e8s \u00e0 vos donn\u00e9es personnelles ou leur rectification lorsqu&rsquo;elles sont inexactes.<\/li>\n<li>Demander leur suppression lorsque, entre autres raisons, les donn\u00e9es ne sont plus n\u00e9cessaires aux fins pour lesquelles elles ont \u00e9t\u00e9 collect\u00e9es.<\/li>\n<li>Demander la limitation de votre traitement dans certaines circonstances.<\/li>\n<li>Demander l&rsquo;opposition au traitement de vos donn\u00e9es pour des raisons li\u00e9es \u00e0 votre situation particuli\u00e8re.<\/li>\n<li>Demander la portabilit\u00e9 des donn\u00e9es dans les cas pr\u00e9vus par la r\u00e9glementation.<\/li>\n<li>Autres droits reconnus dans la r\u00e9glementation applicable.<\/li>\n<\/ul>\n<p>O\u00f9 et comment solliciter vos Droits : Par courrier adress\u00e9 au responsable \u00e0 son adresse postale ou \u00e9lectronique (indiqu\u00e9e dans les Mentions L\u00e9gales), en indiquant la r\u00e9f\u00e9rence \u00ab Donn\u00e9es Personnelles \u00bb, en pr\u00e9cisant le droit que vous souhaitez exercer et par rapport \u00e0 quelles donn\u00e9es personnelles.<\/p>\n<p>En cas de d\u00e9saccord avec l&rsquo;entreprise concernant le traitement de vos donn\u00e9es, vous pouvez d\u00e9poser une r\u00e9clamation aupr\u00e8s de l&rsquo;Agence de protection des donn\u00e9es (www.agpd.es).<\/p>\n<ol start=\"5\">\n<li><em> S\u00c9CURIT\u00c9 DE VOS DONN\u00c9ES PERSONNELLES<\/em><\/li>\n<\/ol>\n<p>Afin de garantir la s\u00e9curit\u00e9 de vos donn\u00e9es personnelles, nous vous informons que nous avons adopt\u00e9 toutes les mesures techniques et organisationnelles n\u00e9cessaires pour garantir la s\u00e9curit\u00e9 des donn\u00e9es personnelles fournies et emp\u00eacher leur alt\u00e9ration, perte et traitement ou acc\u00e8s non autoris\u00e9.<\/p>\n<ol start=\"6\">\n<li><em> MISE \u00c0 JOUR DE VOS DONN\u00c9ES<\/em><\/li>\n<\/ol>\n<p>Il est important que, pour que nous puissions maintenir vos donn\u00e9es personnelles \u00e0 jour, vous nous informiez chaque fois qu&rsquo;il y a eu des changements, sinon nous ne sommes pas responsables de leur v\u00e9racit\u00e9.<\/p>\n<p>Nous ne sommes pas responsables de la politique de confidentialit\u00e9 concernant les donn\u00e9es personnelles qui peuvent \u00eatre fournies \u00e0 des tiers via les liens disponibles sur notre site Web.<\/p>\n<p>Cette politique de confidentialit\u00e9 peut \u00eatre modifi\u00e9e pour les adapter aux changements qui se produisent sur notre site Web, ainsi qu&rsquo;aux modifications l\u00e9gislatives ou jurisprudentielles sur les donn\u00e9es personnelles qui apparaissent, raison pour laquelle il est n\u00e9cessaire de les lire, chaque fois que vous nous fournissez vos donn\u00e9es via ce site Web.<\/p>\n<ol>\n<li><strong> RESPONSABILIT\u00c9<\/strong><\/li>\n<\/ol>\n<p>En mettant cette page Web \u00e0 la disposition de l&rsquo;utilisateur, nous voulons offrir un service de qualit\u00e9, en faisant preuve de la plus grande diligence dans sa fourniture, ainsi que dans les moyens technologiques utilis\u00e9s. Cependant, nous ne serons pas responsables de la pr\u00e9sence de virus et d&rsquo;autres \u00e9l\u00e9ments qui, d&rsquo;une mani\u00e8re ou d&rsquo;une autre, pourraient endommager le syst\u00e8me informatique de l&rsquo;utilisateur.<\/p>\n<p>Nous ne garantissons pas que la disponibilit\u00e9 du service sera continue et ininterrompue.<\/p>\n<p>L&rsquo;UTILISATEUR s&rsquo;interdit tout type d&rsquo;action sur notre portail qui provoque une surcharge excessive de nos syst\u00e8mes informatiques, ainsi que l&rsquo;introduction de virus, ou l&rsquo;installation de robots, ou de logiciels qui alt\u00e8rent le fonctionnement normal de notre site Web, ou en bref peut causer des dommages \u00e0 nos syst\u00e8mes informatiques.<\/p>\n<p>L&rsquo;UTILISATEUR assume toute la responsabilit\u00e9 d\u00e9coulant de l&rsquo;utilisation de notre page Web et reconna\u00eet avoir compris toutes les informations concernant les conditions d&rsquo;utilisation de notre portail, suffisantes pour exclure les erreurs de celles-ci, et par cons\u00e9quent, il les accepte dans leur int\u00e9gralit\u00e9. et express\u00e9ment.<\/p>\n","protected":false},"excerpt":{"rendered":"<p>AVIS JURIDIQUE Cette page Web est la propri\u00e9t\u00e9 de INSTMAN FIELD, S.A. avec NIF n\u00ba A59931501 et adresse \u00e0 C\/ AIGUAFREDA 14, NAVE 1, L&rsquo;AMETLLA DEL VALL\u00c9S, 08480, BARCELONE et inscrite au Registre du Commerce de Barcelone avec les donn\u00e9es d&rsquo;enregistrement suivantes : Volume 21989, Folio 0001, Feuille 30580, 1\u00e8re inscription Pour toute question ou [&hellip;]<\/p>\n","protected":false},"author":2,"featured_media":0,"parent":0,"menu_order":0,"comment_status":"closed","ping_status":"closed","template":"","meta":{"_acf_changed":false,"footnotes":""},"class_list":["post-1107","page","type-page","status-publish","hentry"],"acf":[],"yoast_head":"<!-- This site is optimized with the Yoast SEO plugin v27.1.1 - https:\/\/yoast.com\/product\/yoast-seo-wordpress\/ -->\n<title>Mentions l\u00e9gales et politique de confidentialit\u00e9 - INSTMAN FIELD<\/title>\n<meta name=\"description\" content=\"M\u00e9ntions legal ,\" \/>\n<meta name=\"robots\" content=\"noindex, nofollow\" \/>\n<meta property=\"og:locale\" content=\"fr_FR\" \/>\n<meta property=\"og:type\" content=\"article\" \/>\n<meta property=\"og:title\" content=\"Mentions l\u00e9gales et politique de confidentialit\u00e9 - INSTMAN FIELD\" \/>\n<meta property=\"og:description\" content=\"M\u00e9ntions legal ,\" \/>\n<meta property=\"og:url\" content=\"https:\/\/instmanfield.com\/fr\/avis-juridique\/\" \/>\n<meta property=\"og:site_name\" content=\"INSTMAN FIELD\" \/>\n<meta property=\"article:modified_time\" content=\"2025-11-24T22:32:01+00:00\" \/>\n<meta name=\"twitter:card\" content=\"summary_large_image\" \/>\n<meta name=\"twitter:label1\" content=\"Dur\u00e9e de lecture estim\u00e9e\" \/>\n\t<meta name=\"twitter:data1\" content=\"8 minutes\" \/>\n<script type=\"application\/ld+json\" class=\"yoast-schema-graph\">{\"@context\":\"https:\/\/schema.org\",\"@graph\":[{\"@type\":\"WebPage\",\"@id\":\"https:\/\/instmanfield.com\/fr\/avis-juridique\/\",\"url\":\"https:\/\/instmanfield.com\/fr\/avis-juridique\/\",\"name\":\"Mentions l\u00e9gales et politique de confidentialit\u00e9 - INSTMAN FIELD\",\"isPartOf\":{\"@id\":\"https:\/\/instmanfield.com\/#website\"},\"datePublished\":\"2022-05-24T11:10:09+00:00\",\"dateModified\":\"2025-11-24T22:32:01+00:00\",\"description\":\"M\u00e9ntions legal ,\",\"breadcrumb\":{\"@id\":\"https:\/\/instmanfield.com\/fr\/avis-juridique\/#breadcrumb\"},\"inLanguage\":\"fr-FR\",\"potentialAction\":[{\"@type\":\"ReadAction\",\"target\":[\"https:\/\/instmanfield.com\/fr\/avis-juridique\/\"]}]},{\"@type\":\"BreadcrumbList\",\"@id\":\"https:\/\/instmanfield.com\/fr\/avis-juridique\/#breadcrumb\",\"itemListElement\":[{\"@type\":\"ListItem\",\"position\":1,\"name\":\"Portada\",\"item\":\"https:\/\/instmanfield.com\/fr\/entreprise\/\"},{\"@type\":\"ListItem\",\"position\":2,\"name\":\"Mentions l\u00e9gales et politique de confidentialit\u00e9\"}]},{\"@type\":\"WebSite\",\"@id\":\"https:\/\/instmanfield.com\/#website\",\"url\":\"https:\/\/instmanfield.com\/\",\"name\":\"INSTMAN FIELD\",\"description\":\"Servicio integral de ingenier\u00eda para soluciones industriales y eficiencia energ\u00e9tica del vapor\",\"publisher\":{\"@id\":\"https:\/\/instmanfield.com\/#organization\"},\"potentialAction\":[{\"@type\":\"SearchAction\",\"target\":{\"@type\":\"EntryPoint\",\"urlTemplate\":\"https:\/\/instmanfield.com\/?s={search_term_string}\"},\"query-input\":{\"@type\":\"PropertyValueSpecification\",\"valueRequired\":true,\"valueName\":\"search_term_string\"}}],\"inLanguage\":\"fr-FR\"},{\"@type\":\"Organization\",\"@id\":\"https:\/\/instmanfield.com\/#organization\",\"name\":\"INSTMAN FIELD\",\"url\":\"https:\/\/instmanfield.com\/\",\"logo\":{\"@type\":\"ImageObject\",\"inLanguage\":\"fr-FR\",\"@id\":\"https:\/\/instmanfield.com\/#\/schema\/logo\/image\/\",\"url\":\"https:\/\/instmanfield.com\/wp-content\/uploads\/2023\/03\/instamanLogo.png\",\"contentUrl\":\"https:\/\/instmanfield.com\/wp-content\/uploads\/2023\/03\/instamanLogo.png\",\"width\":371,\"height\":221,\"caption\":\"INSTMAN FIELD\"},\"image\":{\"@id\":\"https:\/\/instmanfield.com\/#\/schema\/logo\/image\/\"}}]}<\/script>\n<!-- \/ Yoast SEO plugin. -->","yoast_head_json":{"title":"Mentions l\u00e9gales et politique de confidentialit\u00e9 - INSTMAN FIELD","description":"M\u00e9ntions legal ,","robots":{"index":"noindex","follow":"nofollow"},"og_locale":"fr_FR","og_type":"article","og_title":"Mentions l\u00e9gales et politique de confidentialit\u00e9 - INSTMAN FIELD","og_description":"M\u00e9ntions legal ,","og_url":"https:\/\/instmanfield.com\/fr\/avis-juridique\/","og_site_name":"INSTMAN FIELD","article_modified_time":"2025-11-24T22:32:01+00:00","twitter_card":"summary_large_image","twitter_misc":{"Dur\u00e9e de lecture estim\u00e9e":"8 minutes"},"schema":{"@context":"https:\/\/schema.org","@graph":[{"@type":"WebPage","@id":"https:\/\/instmanfield.com\/fr\/avis-juridique\/","url":"https:\/\/instmanfield.com\/fr\/avis-juridique\/","name":"Mentions l\u00e9gales et politique de confidentialit\u00e9 - INSTMAN FIELD","isPartOf":{"@id":"https:\/\/instmanfield.com\/#website"},"datePublished":"2022-05-24T11:10:09+00:00","dateModified":"2025-11-24T22:32:01+00:00","description":"M\u00e9ntions legal ,","breadcrumb":{"@id":"https:\/\/instmanfield.com\/fr\/avis-juridique\/#breadcrumb"},"inLanguage":"fr-FR","potentialAction":[{"@type":"ReadAction","target":["https:\/\/instmanfield.com\/fr\/avis-juridique\/"]}]},{"@type":"BreadcrumbList","@id":"https:\/\/instmanfield.com\/fr\/avis-juridique\/#breadcrumb","itemListElement":[{"@type":"ListItem","position":1,"name":"Portada","item":"https:\/\/instmanfield.com\/fr\/entreprise\/"},{"@type":"ListItem","position":2,"name":"Mentions l\u00e9gales et politique de confidentialit\u00e9"}]},{"@type":"WebSite","@id":"https:\/\/instmanfield.com\/#website","url":"https:\/\/instmanfield.com\/","name":"INSTMAN FIELD","description":"Servicio integral de ingenier\u00eda para soluciones industriales y eficiencia energ\u00e9tica del vapor","publisher":{"@id":"https:\/\/instmanfield.com\/#organization"},"potentialAction":[{"@type":"SearchAction","target":{"@type":"EntryPoint","urlTemplate":"https:\/\/instmanfield.com\/?s={search_term_string}"},"query-input":{"@type":"PropertyValueSpecification","valueRequired":true,"valueName":"search_term_string"}}],"inLanguage":"fr-FR"},{"@type":"Organization","@id":"https:\/\/instmanfield.com\/#organization","name":"INSTMAN FIELD","url":"https:\/\/instmanfield.com\/","logo":{"@type":"ImageObject","inLanguage":"fr-FR","@id":"https:\/\/instmanfield.com\/#\/schema\/logo\/image\/","url":"https:\/\/instmanfield.com\/wp-content\/uploads\/2023\/03\/instamanLogo.png","contentUrl":"https:\/\/instmanfield.com\/wp-content\/uploads\/2023\/03\/instamanLogo.png","width":371,"height":221,"caption":"INSTMAN FIELD"},"image":{"@id":"https:\/\/instmanfield.com\/#\/schema\/logo\/image\/"}}]}},"_links":{"self":[{"href":"https:\/\/instmanfield.com\/fr\/wp-json\/wp\/v2\/pages\/1107","targetHints":{"allow":["GET"]}}],"collection":[{"href":"https:\/\/instmanfield.com\/fr\/wp-json\/wp\/v2\/pages"}],"about":[{"href":"https:\/\/instmanfield.com\/fr\/wp-json\/wp\/v2\/types\/page"}],"author":[{"embeddable":true,"href":"https:\/\/instmanfield.com\/fr\/wp-json\/wp\/v2\/users\/2"}],"replies":[{"embeddable":true,"href":"https:\/\/instmanfield.com\/fr\/wp-json\/wp\/v2\/comments?post=1107"}],"version-history":[{"count":2,"href":"https:\/\/instmanfield.com\/fr\/wp-json\/wp\/v2\/pages\/1107\/revisions"}],"predecessor-version":[{"id":3679,"href":"https:\/\/instmanfield.com\/fr\/wp-json\/wp\/v2\/pages\/1107\/revisions\/3679"}],"wp:attachment":[{"href":"https:\/\/instmanfield.com\/fr\/wp-json\/wp\/v2\/media?parent=1107"}],"curies":[{"name":"wp","href":"https:\/\/api.w.org\/{rel}","templated":true}]}}