{"id":1103,"date":"2022-05-24T10:15:47","date_gmt":"2022-05-24T10:15:47","guid":{"rendered":"https:\/\/instmanfield.com\/entreprise\/"},"modified":"2025-11-24T21:56:21","modified_gmt":"2025-11-24T21:56:21","slug":"entreprise","status":"publish","type":"page","link":"https:\/\/instmanfield.com\/fr\/","title":{"rendered":"Entreprise"},"content":{"rendered":"<p>&nbsp;<\/p>\n<p style=\"text-align: center;\">Dans <strong>Instman field<\/strong> nous concevons et fabriquons des chaudi\u00e8res \u00e0 vapeur industrielles, nos \u00e9quipes de professionnels.<\/p>\n<p>&nbsp;<\/p>\n<p style=\"text-align: center;\">INSTMAN FIELD, S.A. est une entreprise cr\u00e9\u00e9e en 1991 (avec du personnel de Constructora Field) pour la construction d&rsquo;appareils \u00e0 pression et, tout particuli\u00e8rement, dans la conception et la fabrication de <strong>g\u00e9n\u00e9rateurs de vapeur, eau chaude, eau surchauff\u00e9e et fluide thermique.<\/strong>.<\/p>\n<p style=\"text-align: center;\">Depuis lors, gr\u00e2ce \u00e0 la confiance accord\u00e9e par nos clients, l&rsquo;entreprise s&rsquo;est impos\u00e9e dans le secteur, acqu\u00e9rant une vaste exp\u00e9rience dans une grande vari\u00e9t\u00e9 de processus et d&rsquo;applications industriels et de service.<\/p>\n<p>&nbsp;<\/p>\n<p style=\"text-align: center;\">Les installations qui nous permettent de d\u00e9velopper nos produits hautement comp\u00e9titifs et le groupe de sp\u00e9cialistes techniquement qualifi\u00e9s charg\u00e9s de leur fabrication et de leur conception sont situ\u00e9s dans les zones industrielles de L&rsquo;Ametlla del Vall\u00e8s et les Franqueses del Vall\u00e8s, \u00e0 Barcelone.<\/p>\n<p style=\"text-align: center;\">Nous concevons et <strong>Nous fabriquons des g\u00e9n\u00e9rateurs de vapeur \u00e0 tubes d&rsquo;eau et des chaudi\u00e8res \u00e0 vapeur \u00e0 tubes de fum\u00e9e.<\/strong>.<\/p>\n<p style=\"text-align: center;\">En r\u00e9alisant l&rsquo;ensemble du processus depuis l&rsquo;ing\u00e9nierie, la construction et l&rsquo;installation de l&rsquo;\u00e9quipement, nous pouvons nous adapter aux besoins des clients, tant dans les petits changements dimensionnels que dans les besoins de production. Nous travaillons sur demande.<\/p>\n<p>&nbsp;<\/p>\n<p style=\"text-align: center;\"><strong>Notre mission est tr\u00e8s d\u00e9finie dans la qualit\u00e9 du produit et dans un service apr\u00e8s-vente.<\/strong>, et donc on en tient compte d\u00e8s la premi\u00e8re ligne du dessinateur.<\/p>\n<p style=\"text-align: center;\">Une vapeur de titre 1, vapeur compl\u00e8tement s\u00e8che, est l&rsquo;une des caract\u00e9ristiques qui nous distinguent. Dans nos chaudi\u00e8res \u00e0 vapeur, nous recherchons une conception dans laquelle la dur\u00e9e de vie de la chaudi\u00e8re, la qualit\u00e9 de la vapeur et l&rsquo;efficacit\u00e9 \u00e9nerg\u00e9tique sont la plus haute priorit\u00e9.<\/p>\n<p>&nbsp;<\/p>\n<p style=\"text-align: center;\">Nous pouvons fabriquer des chaudi\u00e8res \u00e0 vapeur \u00e0 tubes de fum\u00e9e et \u00e0 tubes d&rsquo;eau, pour des combustibles tels que le gaz naturel, le gaz propane (GPL), le diesel, le carburant (actuellement en d\u00e9su\u00e9tude), la biomasse, les chaudi\u00e8res \u00e9lectriques, avec al\u00e9sage ou al\u00e9sage et tubes soud\u00e9s.<\/p>\n<p style=\"text-align: center;\">Toutes les chaudi\u00e8res \u00e0 vapeur de notre catalogue ont 3 passages diff\u00e9renci\u00e9s, un tube foyer dimensionn\u00e9 pour loger compl\u00e8tement la flamme, et deux passages de fum\u00e9e pour finir de transf\u00e9rer le maximum de puissance calorifique.<\/p>\n<p>&nbsp;<\/p>\n<p style=\"text-align: center;\">Pour atteindre une efficacit\u00e9 \u00e9nerg\u00e9tique maximale, il est possible d&rsquo;installer un \u00e9conomiseur d&rsquo;eau (4-5%), qui consiste en un \u00e9changeur pour transmettre la chaleur des fum\u00e9es qui ne peuvent plus \u00eatre utilis\u00e9es dans la chaudi\u00e8re pour chauffer l&rsquo;eau avant de mettre dans la chaudi\u00e8re.<\/p>\n<p style=\"text-align: center;\">Pour les installations dans lesquelles l&rsquo;eau y p\u00e9n\u00e8tre d\u00e9j\u00e0 \u00e0 haute temp\u00e9rature et il ne serait pas rentable d&rsquo;essayer d&rsquo;augmenter cette temp\u00e9rature, nous sugg\u00e9rons l&rsquo;installation d&rsquo;un pr\u00e9chauffeur d&rsquo;air, qui augmente la temp\u00e9rature de l&rsquo;air que nous introduisons dans le br\u00fbleur, \u00e9conomie entre 3% et 5% de carburant.<\/p>\n<p>Outre les g\u00e9n\u00e9rateurs de vapeur, nous concevons et construisons \u00e9galement des chaudi\u00e8res \u00e0 eau chaude, des chaudi\u00e8res \u00e0 eau surchauff\u00e9e, des chaudi\u00e8res \u00e0 fluide thermique, des r\u00e9servoirs de condensat, des d\u00e9gazeurs, des collecteurs de vapeur, des vases d&rsquo;expansion de purge et d&rsquo;innombrables solutions pour votre installation.<\/p>\n","protected":false},"excerpt":{"rendered":"<p>&nbsp; Dans Instman field nous concevons et fabriquons des chaudi\u00e8res \u00e0 vapeur industrielles, nos \u00e9quipes de professionnels. &nbsp; INSTMAN FIELD, S.A. est une entreprise cr\u00e9\u00e9e en 1991 (avec du personnel de Constructora Field) pour la construction d&rsquo;appareils \u00e0 pression et, tout particuli\u00e8rement, dans la conception et la fabrication de g\u00e9n\u00e9rateurs de vapeur, eau chaude, eau [&hellip;]<\/p>\n","protected":false},"author":2,"featured_media":0,"parent":0,"menu_order":0,"comment_status":"closed","ping_status":"closed","template":"","meta":{"_acf_changed":false,"footnotes":""},"class_list":["post-1103","page","type-page","status-publish","hentry"],"acf":[],"yoast_head":"<!-- This site is optimized with the Yoast SEO plugin v27.1.1 - https:\/\/yoast.com\/product\/yoast-seo-wordpress\/ -->\n<title>Entreprise - INSTMAN FIELD<\/title>\n<meta name=\"description\" content=\"Entreprise\" \/>\n<meta name=\"robots\" content=\"index, follow, max-snippet:-1, max-image-preview:large, max-video-preview:-1\" \/>\n<link rel=\"canonical\" href=\"https:\/\/instmanfield.com\/fr\/entreprise\/\" \/>\n<meta property=\"og:locale\" content=\"fr_FR\" \/>\n<meta property=\"og:type\" content=\"article\" \/>\n<meta property=\"og:title\" content=\"Entreprise - INSTMAN FIELD\" \/>\n<meta property=\"og:description\" content=\"Entreprise\" \/>\n<meta property=\"og:url\" content=\"https:\/\/instmanfield.com\/fr\/entreprise\/\" \/>\n<meta property=\"og:site_name\" content=\"INSTMAN FIELD\" \/>\n<meta property=\"article:modified_time\" content=\"2025-11-24T21:56:21+00:00\" \/>\n<meta name=\"twitter:card\" content=\"summary_large_image\" \/>\n<meta name=\"twitter:label1\" content=\"Dur\u00e9e de lecture estim\u00e9e\" \/>\n\t<meta name=\"twitter:data1\" content=\"3 minutes\" \/>\n<script type=\"application\/ld+json\" class=\"yoast-schema-graph\">{\"@context\":\"https:\/\/schema.org\",\"@graph\":[{\"@type\":\"WebPage\",\"@id\":\"https:\/\/instmanfield.com\/fr\/entreprise\/\",\"url\":\"https:\/\/instmanfield.com\/fr\/entreprise\/\",\"name\":\"Entreprise - INSTMAN FIELD\",\"isPartOf\":{\"@id\":\"https:\/\/instmanfield.com\/#website\"},\"datePublished\":\"2022-05-24T10:15:47+00:00\",\"dateModified\":\"2025-11-24T21:56:21+00:00\",\"description\":\"Entreprise\",\"breadcrumb\":{\"@id\":\"https:\/\/instmanfield.com\/fr\/entreprise\/#breadcrumb\"},\"inLanguage\":\"fr-FR\",\"potentialAction\":[{\"@type\":\"ReadAction\",\"target\":[\"https:\/\/instmanfield.com\/fr\/entreprise\/\"]}]},{\"@type\":\"BreadcrumbList\",\"@id\":\"https:\/\/instmanfield.com\/fr\/entreprise\/#breadcrumb\",\"itemListElement\":[{\"@type\":\"ListItem\",\"position\":1,\"name\":\"Portada\",\"item\":\"https:\/\/instmanfield.com\/fr\/entreprise\/\"},{\"@type\":\"ListItem\",\"position\":2,\"name\":\"Entreprise\"}]},{\"@type\":\"WebSite\",\"@id\":\"https:\/\/instmanfield.com\/#website\",\"url\":\"https:\/\/instmanfield.com\/\",\"name\":\"INSTMAN FIELD\",\"description\":\"Servicio integral de ingenier\u00eda para soluciones industriales y eficiencia energ\u00e9tica del vapor\",\"publisher\":{\"@id\":\"https:\/\/instmanfield.com\/#organization\"},\"potentialAction\":[{\"@type\":\"SearchAction\",\"target\":{\"@type\":\"EntryPoint\",\"urlTemplate\":\"https:\/\/instmanfield.com\/?s={search_term_string}\"},\"query-input\":{\"@type\":\"PropertyValueSpecification\",\"valueRequired\":true,\"valueName\":\"search_term_string\"}}],\"inLanguage\":\"fr-FR\"},{\"@type\":\"Organization\",\"@id\":\"https:\/\/instmanfield.com\/#organization\",\"name\":\"INSTMAN FIELD\",\"url\":\"https:\/\/instmanfield.com\/\",\"logo\":{\"@type\":\"ImageObject\",\"inLanguage\":\"fr-FR\",\"@id\":\"https:\/\/instmanfield.com\/#\/schema\/logo\/image\/\",\"url\":\"https:\/\/instmanfield.com\/wp-content\/uploads\/2023\/03\/instamanLogo.png\",\"contentUrl\":\"https:\/\/instmanfield.com\/wp-content\/uploads\/2023\/03\/instamanLogo.png\",\"width\":371,\"height\":221,\"caption\":\"INSTMAN FIELD\"},\"image\":{\"@id\":\"https:\/\/instmanfield.com\/#\/schema\/logo\/image\/\"}}]}<\/script>\n<!-- \/ Yoast SEO plugin. -->","yoast_head_json":{"title":"Entreprise - INSTMAN FIELD","description":"Entreprise","robots":{"index":"index","follow":"follow","max-snippet":"max-snippet:-1","max-image-preview":"max-image-preview:large","max-video-preview":"max-video-preview:-1"},"canonical":"https:\/\/instmanfield.com\/fr\/entreprise\/","og_locale":"fr_FR","og_type":"article","og_title":"Entreprise - INSTMAN FIELD","og_description":"Entreprise","og_url":"https:\/\/instmanfield.com\/fr\/entreprise\/","og_site_name":"INSTMAN FIELD","article_modified_time":"2025-11-24T21:56:21+00:00","twitter_card":"summary_large_image","twitter_misc":{"Dur\u00e9e de lecture estim\u00e9e":"3 minutes"},"schema":{"@context":"https:\/\/schema.org","@graph":[{"@type":"WebPage","@id":"https:\/\/instmanfield.com\/fr\/entreprise\/","url":"https:\/\/instmanfield.com\/fr\/entreprise\/","name":"Entreprise - INSTMAN FIELD","isPartOf":{"@id":"https:\/\/instmanfield.com\/#website"},"datePublished":"2022-05-24T10:15:47+00:00","dateModified":"2025-11-24T21:56:21+00:00","description":"Entreprise","breadcrumb":{"@id":"https:\/\/instmanfield.com\/fr\/entreprise\/#breadcrumb"},"inLanguage":"fr-FR","potentialAction":[{"@type":"ReadAction","target":["https:\/\/instmanfield.com\/fr\/entreprise\/"]}]},{"@type":"BreadcrumbList","@id":"https:\/\/instmanfield.com\/fr\/entreprise\/#breadcrumb","itemListElement":[{"@type":"ListItem","position":1,"name":"Portada","item":"https:\/\/instmanfield.com\/fr\/entreprise\/"},{"@type":"ListItem","position":2,"name":"Entreprise"}]},{"@type":"WebSite","@id":"https:\/\/instmanfield.com\/#website","url":"https:\/\/instmanfield.com\/","name":"INSTMAN FIELD","description":"Servicio integral de ingenier\u00eda para soluciones industriales y eficiencia energ\u00e9tica del vapor","publisher":{"@id":"https:\/\/instmanfield.com\/#organization"},"potentialAction":[{"@type":"SearchAction","target":{"@type":"EntryPoint","urlTemplate":"https:\/\/instmanfield.com\/?s={search_term_string}"},"query-input":{"@type":"PropertyValueSpecification","valueRequired":true,"valueName":"search_term_string"}}],"inLanguage":"fr-FR"},{"@type":"Organization","@id":"https:\/\/instmanfield.com\/#organization","name":"INSTMAN FIELD","url":"https:\/\/instmanfield.com\/","logo":{"@type":"ImageObject","inLanguage":"fr-FR","@id":"https:\/\/instmanfield.com\/#\/schema\/logo\/image\/","url":"https:\/\/instmanfield.com\/wp-content\/uploads\/2023\/03\/instamanLogo.png","contentUrl":"https:\/\/instmanfield.com\/wp-content\/uploads\/2023\/03\/instamanLogo.png","width":371,"height":221,"caption":"INSTMAN FIELD"},"image":{"@id":"https:\/\/instmanfield.com\/#\/schema\/logo\/image\/"}}]}},"_links":{"self":[{"href":"https:\/\/instmanfield.com\/fr\/wp-json\/wp\/v2\/pages\/1103","targetHints":{"allow":["GET"]}}],"collection":[{"href":"https:\/\/instmanfield.com\/fr\/wp-json\/wp\/v2\/pages"}],"about":[{"href":"https:\/\/instmanfield.com\/fr\/wp-json\/wp\/v2\/types\/page"}],"author":[{"embeddable":true,"href":"https:\/\/instmanfield.com\/fr\/wp-json\/wp\/v2\/users\/2"}],"replies":[{"embeddable":true,"href":"https:\/\/instmanfield.com\/fr\/wp-json\/wp\/v2\/comments?post=1103"}],"version-history":[{"count":1,"href":"https:\/\/instmanfield.com\/fr\/wp-json\/wp\/v2\/pages\/1103\/revisions"}],"predecessor-version":[{"id":3667,"href":"https:\/\/instmanfield.com\/fr\/wp-json\/wp\/v2\/pages\/1103\/revisions\/3667"}],"wp:attachment":[{"href":"https:\/\/instmanfield.com\/fr\/wp-json\/wp\/v2\/media?parent=1103"}],"curies":[{"name":"wp","href":"https:\/\/api.w.org\/{rel}","templated":true}]}}