{"id":1100,"date":"2022-05-24T10:16:52","date_gmt":"2022-05-24T10:16:52","guid":{"rendered":"https:\/\/instmanfield.com\/prestations-de-service\/"},"modified":"2025-11-24T22:05:03","modified_gmt":"2025-11-24T22:05:03","slug":"prestations-de-service","status":"publish","type":"page","link":"https:\/\/instmanfield.com\/fr\/prestations-de-service\/","title":{"rendered":"Prestations de service"},"content":{"rendered":"<p style=\"text-align: center;\">Depuis le champ Instman <strong>nous fabriquons des g\u00e9n\u00e9rateurs de vapeur<\/strong>, fluide thermique, \u00e9quipements sous pression et \u00e9quipements auxiliaires d&rsquo;une chaufferie.<\/p>\n<p style=\"text-align: center;\">Au champ Instman, nous avons des installations enti\u00e8rement pr\u00e9par\u00e9es pour le<strong> construction de diff\u00e9rents types de chaudi\u00e8res \u00e0 vapeur <\/strong>,<strong> tels que les tubes \u00e0 feu, les tubes \u00e0 eau, \u00e9lectriques, pour les combustibles tels que le gaz, le diesel, le carburant, la biomasse.<\/strong>.<\/p>\n<p style=\"text-align: center;\">Nous disposons d&rsquo;un bureau technique pour r\u00e9aliser les \u00e9tudes de nos g\u00e9n\u00e9rateurs de vapeur et \u00e9quipements sous pression et le suivi des proc\u00e9d\u00e9s de fabrication dans notre atelier, garantissant la qualit\u00e9 totale de nos produits.<\/p>\n<p style=\"text-align: center;\">Nous effectuons la l\u00e9galisation de tout g\u00e9n\u00e9rateur et\/ou \u00e9quipement sous pression du bureau technique, \u00e0 la fois comme \u00e9quipement sous pression conform\u00e9ment au RD2060\/2008 et comme \u00e9quipement consommateur de gaz conform\u00e9ment \u00e0 l&rsquo;annexe III de l&rsquo;ITC-ICG 08 du R\u00e8glement distribution de carburant gazeux et technicien d&rsquo;utilisation, R.D. 919\/2006, y compris le traitement des l\u00e9galisations \u00e0 l&rsquo;entit\u00e9 de contr\u00f4le ou \u00e0 l&rsquo;organisme comp\u00e9tent, en effectuant les tests qu&rsquo;ils exigent.<\/p>\n","protected":false},"excerpt":{"rendered":"<p>Depuis le champ Instman nous fabriquons des g\u00e9n\u00e9rateurs de vapeur, fluide thermique, \u00e9quipements sous pression et \u00e9quipements auxiliaires d&rsquo;une chaufferie. Au champ Instman, nous avons des installations enti\u00e8rement pr\u00e9par\u00e9es pour le construction de diff\u00e9rents types de chaudi\u00e8res \u00e0 vapeur , tels que les tubes \u00e0 feu, les tubes \u00e0 eau, \u00e9lectriques, pour les combustibles tels [&hellip;]<\/p>\n","protected":false},"author":2,"featured_media":727,"parent":0,"menu_order":0,"comment_status":"closed","ping_status":"closed","template":"page-listado-servicios.php","meta":{"_acf_changed":false,"footnotes":""},"class_list":["post-1100","page","type-page","status-publish","has-post-thumbnail","hentry"],"acf":[],"yoast_head":"<!-- This site is optimized with the Yoast SEO plugin v27.1.1 - https:\/\/yoast.com\/product\/yoast-seo-wordpress\/ -->\n<title>Prestations de service - INSTMAN FIELD<\/title>\n<meta name=\"description\" content=\"Chez instmanfield, nous fabriquons des g\u00e9n\u00e9rateurs de vapeur, des fluides thermiques, des \u00e9quipements sous pression et des \u00e9quipements auxiliaires pour chaufferie.\" \/>\n<meta name=\"robots\" content=\"index, follow, max-snippet:-1, max-image-preview:large, max-video-preview:-1\" \/>\n<link rel=\"canonical\" href=\"https:\/\/instmanfield.com\/fr\/prestations-de-service\/\" \/>\n<meta property=\"og:locale\" content=\"fr_FR\" \/>\n<meta property=\"og:type\" content=\"article\" \/>\n<meta property=\"og:title\" content=\"Prestations de service - INSTMAN FIELD\" \/>\n<meta property=\"og:description\" content=\"Chez instmanfield, nous fabriquons des g\u00e9n\u00e9rateurs de vapeur, des fluides thermiques, des \u00e9quipements sous pression et des \u00e9quipements auxiliaires pour chaufferie.\" \/>\n<meta property=\"og:url\" content=\"https:\/\/instmanfield.com\/fr\/prestations-de-service\/\" \/>\n<meta property=\"og:site_name\" content=\"INSTMAN FIELD\" \/>\n<meta property=\"article:modified_time\" content=\"2025-11-24T22:05:03+00:00\" \/>\n<meta property=\"og:image\" content=\"https:\/\/instmanfield.com\/wp-content\/uploads\/2022\/10\/Servicios-instmanfield-1.webp\" \/>\n\t<meta property=\"og:image:width\" content=\"700\" \/>\n\t<meta property=\"og:image:height\" content=\"400\" \/>\n\t<meta property=\"og:image:type\" content=\"image\/webp\" \/>\n<meta name=\"twitter:card\" content=\"summary_large_image\" \/>\n<meta name=\"twitter:label1\" content=\"Dur\u00e9e de lecture estim\u00e9e\" \/>\n\t<meta name=\"twitter:data1\" content=\"1 minute\" \/>\n<script type=\"application\/ld+json\" class=\"yoast-schema-graph\">{\"@context\":\"https:\/\/schema.org\",\"@graph\":[{\"@type\":\"WebPage\",\"@id\":\"https:\/\/instmanfield.com\/fr\/prestations-de-service\/\",\"url\":\"https:\/\/instmanfield.com\/fr\/prestations-de-service\/\",\"name\":\"Prestations de service - INSTMAN FIELD\",\"isPartOf\":{\"@id\":\"https:\/\/instmanfield.com\/#website\"},\"primaryImageOfPage\":{\"@id\":\"https:\/\/instmanfield.com\/fr\/prestations-de-service\/#primaryimage\"},\"image\":{\"@id\":\"https:\/\/instmanfield.com\/fr\/prestations-de-service\/#primaryimage\"},\"thumbnailUrl\":\"https:\/\/instmanfield.com\/wp-content\/uploads\/2022\/10\/Servicios-instmanfield-1.webp\",\"datePublished\":\"2022-05-24T10:16:52+00:00\",\"dateModified\":\"2025-11-24T22:05:03+00:00\",\"description\":\"Chez instmanfield, nous fabriquons des g\u00e9n\u00e9rateurs de vapeur, des fluides thermiques, des \u00e9quipements sous pression et des \u00e9quipements auxiliaires pour chaufferie.\",\"breadcrumb\":{\"@id\":\"https:\/\/instmanfield.com\/fr\/prestations-de-service\/#breadcrumb\"},\"inLanguage\":\"fr-FR\",\"potentialAction\":[{\"@type\":\"ReadAction\",\"target\":[\"https:\/\/instmanfield.com\/fr\/prestations-de-service\/\"]}]},{\"@type\":\"ImageObject\",\"inLanguage\":\"fr-FR\",\"@id\":\"https:\/\/instmanfield.com\/fr\/prestations-de-service\/#primaryimage\",\"url\":\"https:\/\/instmanfield.com\/wp-content\/uploads\/2022\/10\/Servicios-instmanfield-1.webp\",\"contentUrl\":\"https:\/\/instmanfield.com\/wp-content\/uploads\/2022\/10\/Servicios-instmanfield-1.webp\",\"width\":700,\"height\":400},{\"@type\":\"BreadcrumbList\",\"@id\":\"https:\/\/instmanfield.com\/fr\/prestations-de-service\/#breadcrumb\",\"itemListElement\":[{\"@type\":\"ListItem\",\"position\":1,\"name\":\"Portada\",\"item\":\"https:\/\/instmanfield.com\/fr\/entreprise\/\"},{\"@type\":\"ListItem\",\"position\":2,\"name\":\"Prestations de service\"}]},{\"@type\":\"WebSite\",\"@id\":\"https:\/\/instmanfield.com\/#website\",\"url\":\"https:\/\/instmanfield.com\/\",\"name\":\"INSTMAN FIELD\",\"description\":\"Servicio integral de ingenier\u00eda para soluciones industriales y eficiencia energ\u00e9tica del vapor\",\"publisher\":{\"@id\":\"https:\/\/instmanfield.com\/#organization\"},\"potentialAction\":[{\"@type\":\"SearchAction\",\"target\":{\"@type\":\"EntryPoint\",\"urlTemplate\":\"https:\/\/instmanfield.com\/?s={search_term_string}\"},\"query-input\":{\"@type\":\"PropertyValueSpecification\",\"valueRequired\":true,\"valueName\":\"search_term_string\"}}],\"inLanguage\":\"fr-FR\"},{\"@type\":\"Organization\",\"@id\":\"https:\/\/instmanfield.com\/#organization\",\"name\":\"INSTMAN FIELD\",\"url\":\"https:\/\/instmanfield.com\/\",\"logo\":{\"@type\":\"ImageObject\",\"inLanguage\":\"fr-FR\",\"@id\":\"https:\/\/instmanfield.com\/#\/schema\/logo\/image\/\",\"url\":\"https:\/\/instmanfield.com\/wp-content\/uploads\/2023\/03\/instamanLogo.png\",\"contentUrl\":\"https:\/\/instmanfield.com\/wp-content\/uploads\/2023\/03\/instamanLogo.png\",\"width\":371,\"height\":221,\"caption\":\"INSTMAN FIELD\"},\"image\":{\"@id\":\"https:\/\/instmanfield.com\/#\/schema\/logo\/image\/\"}}]}<\/script>\n<!-- \/ Yoast SEO plugin. -->","yoast_head_json":{"title":"Prestations de service - INSTMAN FIELD","description":"Chez instmanfield, nous fabriquons des g\u00e9n\u00e9rateurs de vapeur, des fluides thermiques, des \u00e9quipements sous pression et des \u00e9quipements auxiliaires pour chaufferie.","robots":{"index":"index","follow":"follow","max-snippet":"max-snippet:-1","max-image-preview":"max-image-preview:large","max-video-preview":"max-video-preview:-1"},"canonical":"https:\/\/instmanfield.com\/fr\/prestations-de-service\/","og_locale":"fr_FR","og_type":"article","og_title":"Prestations de service - INSTMAN FIELD","og_description":"Chez instmanfield, nous fabriquons des g\u00e9n\u00e9rateurs de vapeur, des fluides thermiques, des \u00e9quipements sous pression et des \u00e9quipements auxiliaires pour chaufferie.","og_url":"https:\/\/instmanfield.com\/fr\/prestations-de-service\/","og_site_name":"INSTMAN FIELD","article_modified_time":"2025-11-24T22:05:03+00:00","og_image":[{"width":700,"height":400,"url":"https:\/\/instmanfield.com\/wp-content\/uploads\/2022\/10\/Servicios-instmanfield-1.webp","type":"image\/webp"}],"twitter_card":"summary_large_image","twitter_misc":{"Dur\u00e9e de lecture estim\u00e9e":"1 minute"},"schema":{"@context":"https:\/\/schema.org","@graph":[{"@type":"WebPage","@id":"https:\/\/instmanfield.com\/fr\/prestations-de-service\/","url":"https:\/\/instmanfield.com\/fr\/prestations-de-service\/","name":"Prestations de service - INSTMAN FIELD","isPartOf":{"@id":"https:\/\/instmanfield.com\/#website"},"primaryImageOfPage":{"@id":"https:\/\/instmanfield.com\/fr\/prestations-de-service\/#primaryimage"},"image":{"@id":"https:\/\/instmanfield.com\/fr\/prestations-de-service\/#primaryimage"},"thumbnailUrl":"https:\/\/instmanfield.com\/wp-content\/uploads\/2022\/10\/Servicios-instmanfield-1.webp","datePublished":"2022-05-24T10:16:52+00:00","dateModified":"2025-11-24T22:05:03+00:00","description":"Chez instmanfield, nous fabriquons des g\u00e9n\u00e9rateurs de vapeur, des fluides thermiques, des \u00e9quipements sous pression et des \u00e9quipements auxiliaires pour chaufferie.","breadcrumb":{"@id":"https:\/\/instmanfield.com\/fr\/prestations-de-service\/#breadcrumb"},"inLanguage":"fr-FR","potentialAction":[{"@type":"ReadAction","target":["https:\/\/instmanfield.com\/fr\/prestations-de-service\/"]}]},{"@type":"ImageObject","inLanguage":"fr-FR","@id":"https:\/\/instmanfield.com\/fr\/prestations-de-service\/#primaryimage","url":"https:\/\/instmanfield.com\/wp-content\/uploads\/2022\/10\/Servicios-instmanfield-1.webp","contentUrl":"https:\/\/instmanfield.com\/wp-content\/uploads\/2022\/10\/Servicios-instmanfield-1.webp","width":700,"height":400},{"@type":"BreadcrumbList","@id":"https:\/\/instmanfield.com\/fr\/prestations-de-service\/#breadcrumb","itemListElement":[{"@type":"ListItem","position":1,"name":"Portada","item":"https:\/\/instmanfield.com\/fr\/entreprise\/"},{"@type":"ListItem","position":2,"name":"Prestations de service"}]},{"@type":"WebSite","@id":"https:\/\/instmanfield.com\/#website","url":"https:\/\/instmanfield.com\/","name":"INSTMAN FIELD","description":"Servicio integral de ingenier\u00eda para soluciones industriales y eficiencia energ\u00e9tica del vapor","publisher":{"@id":"https:\/\/instmanfield.com\/#organization"},"potentialAction":[{"@type":"SearchAction","target":{"@type":"EntryPoint","urlTemplate":"https:\/\/instmanfield.com\/?s={search_term_string}"},"query-input":{"@type":"PropertyValueSpecification","valueRequired":true,"valueName":"search_term_string"}}],"inLanguage":"fr-FR"},{"@type":"Organization","@id":"https:\/\/instmanfield.com\/#organization","name":"INSTMAN FIELD","url":"https:\/\/instmanfield.com\/","logo":{"@type":"ImageObject","inLanguage":"fr-FR","@id":"https:\/\/instmanfield.com\/#\/schema\/logo\/image\/","url":"https:\/\/instmanfield.com\/wp-content\/uploads\/2023\/03\/instamanLogo.png","contentUrl":"https:\/\/instmanfield.com\/wp-content\/uploads\/2023\/03\/instamanLogo.png","width":371,"height":221,"caption":"INSTMAN FIELD"},"image":{"@id":"https:\/\/instmanfield.com\/#\/schema\/logo\/image\/"}}]}},"_links":{"self":[{"href":"https:\/\/instmanfield.com\/fr\/wp-json\/wp\/v2\/pages\/1100","targetHints":{"allow":["GET"]}}],"collection":[{"href":"https:\/\/instmanfield.com\/fr\/wp-json\/wp\/v2\/pages"}],"about":[{"href":"https:\/\/instmanfield.com\/fr\/wp-json\/wp\/v2\/types\/page"}],"author":[{"embeddable":true,"href":"https:\/\/instmanfield.com\/fr\/wp-json\/wp\/v2\/users\/2"}],"replies":[{"embeddable":true,"href":"https:\/\/instmanfield.com\/fr\/wp-json\/wp\/v2\/comments?post=1100"}],"version-history":[{"count":1,"href":"https:\/\/instmanfield.com\/fr\/wp-json\/wp\/v2\/pages\/1100\/revisions"}],"predecessor-version":[{"id":3674,"href":"https:\/\/instmanfield.com\/fr\/wp-json\/wp\/v2\/pages\/1100\/revisions\/3674"}],"wp:featuredmedia":[{"embeddable":true,"href":"https:\/\/instmanfield.com\/fr\/wp-json\/wp\/v2\/media\/727"}],"wp:attachment":[{"href":"https:\/\/instmanfield.com\/fr\/wp-json\/wp\/v2\/media?parent=1100"}],"curies":[{"name":"wp","href":"https:\/\/api.w.org\/{rel}","templated":true}]}}