{"id":989,"date":"2022-05-24T10:15:47","date_gmt":"2022-05-24T10:15:47","guid":{"rendered":"https:\/\/instmanfield.com\/empresa\/"},"modified":"2025-11-24T21:53:00","modified_gmt":"2025-11-24T21:53:00","slug":"empresa","status":"publish","type":"page","link":"https:\/\/instmanfield.com\/ca\/","title":{"rendered":"Empresa"},"content":{"rendered":"<p>&nbsp;<\/p>\n<p style=\"text-align: center;\">A <strong>Instman field <\/strong>dissenyem i fabriquem calderes de vapor industrial, els nostres equips de professionals.<\/p>\n<p>&nbsp;<\/p>\n<p style=\"text-align: center;\">INSTMAN FIELD, S. a. \u00e9s una empresa que es va constituir l&#8217;any 1991 (amb personal provinent de Constructora Field) per a la construcci\u00f3 d&#8217;aparells a pressi\u00f3 i molt particularment, en el disseny i fabricaci\u00f3 de <strong>generadors de vapor, aigua calenta, aigua sobreescalfada i fluid t\u00e8rmic<\/strong>.<\/p>\n<p style=\"text-align: center;\">Des de llavors, gr\u00e0cies a la confian\u00e7a dipositada pels nostres clients, la companyia s&#8217;ha consolidat dins del sector adquirint una dilatada experi\u00e8ncia en una gran varietat de processos i aplicacions industrials i de serveis.<\/p>\n<p>&nbsp;<\/p>\n<p style=\"text-align: center;\">Les instal\u00b7lacions que ens permeten desenvolupar els nostres productes altament competitius i el grup d&#8217;especialistes t\u00e8cnicament qualificats encarregats de la seva manufactura i disseny es troben localitzades en els pol\u00edgons de L&#8217;Ametlla del Vall\u00e8s i de les Franqueses del Vall\u00e8s, Barcelona.<\/p>\n<p style=\"text-align: center;\">Dissenyem i <strong> fabriquem generadors de vapor acuatubulares i calderes de vapor pirotubulares.<\/strong>.<\/p>\n<p style=\"text-align: center;\">En realitzar tot el proc\u00e9s des de l&#8217;enginyeria, construcci\u00f3, instal\u00b7laci\u00f3 dels equips podem adaptar-nos a les necessitats dels clients, tant en petits canvis dimensionals o a necessitats productives. Treballem sobre comanda.<\/p>\n<p>&nbsp;<\/p>\n<p style=\"text-align: center;\"><strong>La nostra missi\u00f3 aquesta molt definida en la qualitat de producte i en un servei postvenda,<\/strong>i aix\u00ed ho tenim en compte des de la primera l\u00ednia del delineant.<\/p>\n<p style=\"text-align: center;\">Un vapor de t\u00edtol 1, vapor completament sec, \u00e9s una de les caracter\u00edstiques que ens diferencia. En les nostres calderes de vapor busquem un disseny, en el qual la vida de la caldera, la qualitat de vapor i l&#8217;efici\u00e8ncia energ\u00e8tica s\u00f3n la major prioritat.<\/p>\n<p>&nbsp;<\/p>\n<p style=\"text-align: center;\">Podem realitzar calderes de vapor pirotubulares i acuotubular, per a combustibles com a Gas Natural, Gas Prop\u00e0 (GLP), Gasoil, Fuel (en des\u00fas en l&#8217;actualitat), Biomassa, calderes el\u00e8ctriques, amb tubs mandrinatges o mandrinatges i soldats.<\/p>\n<p style=\"text-align: center;\">Totes les calderes de vapor de nostre catalogo s\u00f3n de 3 passos diferenciats, un tub llar dimensionada per a allotjar la flama per complet, i dos passos de fum per a acabar de transferir el m\u00e0xim poder calor\u00edfic.<\/p>\n<p>&nbsp;<\/p>\n<p style=\"text-align: center;\">Per a aconseguir una m\u00e0xima efici\u00e8ncia energ\u00e8tica, existeix la possibilitat d&#8217;instal\u00b7lar un economitzador d&#8217;aigua (assabenti un 4-5%), que consisteix en un bescanviador per a transmetre la calor dels fums que ja no es pot aprofitar en caldera per a escalfar l&#8217;aigua abans d&#8217;introduir-la en la caldera.<\/p>\n<p style=\"text-align: center;\">Para instalaciones en las que el agua ya la entramos a mucha temperatura y no seria rentable intentar aumentar esta temperatura, proponemos la instalaci\u00f3n de un precalentador de aire, que nos aumenta la temperatura del aire que introducimos en el quemador, ahorrando entre un 3% y un 5% de combustible.<\/p>\n<p>A part de generadors de vapor tamb\u00e9 dissenyem i constru\u00efm calderes d&#8217;aigua calenta, calderes d&#8217;aigua sobreescalfada, de fluid t\u00e8rmic, dip\u00f2sits de condensats, desgasificadores, col\u00b7lectors de vapor, dip\u00f2sits expansionador de purgues i infinitat de solucions per a la teva instal\u00b7laci\u00f3.<\/p>\n","protected":false},"excerpt":{"rendered":"<p>&nbsp; A Instman field dissenyem i fabriquem calderes de vapor industrial, els nostres equips de professionals. &nbsp; INSTMAN FIELD, S. a. \u00e9s una empresa que es va constituir l&#8217;any 1991 (amb personal provinent de Constructora Field) per a la construcci\u00f3 d&#8217;aparells a pressi\u00f3 i molt particularment, en el disseny i fabricaci\u00f3 de generadors de vapor, [&hellip;]<\/p>\n","protected":false},"author":2,"featured_media":0,"parent":0,"menu_order":0,"comment_status":"closed","ping_status":"closed","template":"","meta":{"_acf_changed":false,"footnotes":""},"class_list":["post-989","page","type-page","status-publish","hentry"],"acf":[],"yoast_head":"<!-- This site is optimized with the Yoast SEO plugin v27.1.1 - https:\/\/yoast.com\/product\/yoast-seo-wordpress\/ -->\n<title>Empresa - INSTMAN FIELD<\/title>\n<meta name=\"description\" content=\"Empresa\" \/>\n<meta name=\"robots\" content=\"index, follow, max-snippet:-1, max-image-preview:large, max-video-preview:-1\" \/>\n<link rel=\"canonical\" href=\"https:\/\/instmanfield.com\/ca\/empresa\/\" \/>\n<meta property=\"og:locale\" content=\"ca_ES\" \/>\n<meta property=\"og:type\" content=\"article\" \/>\n<meta property=\"og:title\" content=\"Empresa - INSTMAN FIELD\" \/>\n<meta property=\"og:description\" content=\"Empresa\" \/>\n<meta property=\"og:url\" content=\"https:\/\/instmanfield.com\/ca\/empresa\/\" \/>\n<meta property=\"og:site_name\" content=\"INSTMAN FIELD\" \/>\n<meta property=\"article:modified_time\" content=\"2025-11-24T21:53:00+00:00\" \/>\n<meta name=\"twitter:card\" content=\"summary_large_image\" \/>\n<meta name=\"twitter:label1\" content=\"Temps estimat de lectura\" \/>\n\t<meta name=\"twitter:data1\" content=\"2 minuts\" \/>\n<script type=\"application\/ld+json\" class=\"yoast-schema-graph\">{\"@context\":\"https:\/\/schema.org\",\"@graph\":[{\"@type\":\"WebPage\",\"@id\":\"https:\/\/instmanfield.com\/ca\/empresa\/\",\"url\":\"https:\/\/instmanfield.com\/ca\/empresa\/\",\"name\":\"Empresa - INSTMAN FIELD\",\"isPartOf\":{\"@id\":\"https:\/\/instmanfield.com\/#website\"},\"datePublished\":\"2022-05-24T10:15:47+00:00\",\"dateModified\":\"2025-11-24T21:53:00+00:00\",\"description\":\"Empresa\",\"breadcrumb\":{\"@id\":\"https:\/\/instmanfield.com\/ca\/empresa\/#breadcrumb\"},\"inLanguage\":\"ca\",\"potentialAction\":[{\"@type\":\"ReadAction\",\"target\":[\"https:\/\/instmanfield.com\/ca\/empresa\/\"]}]},{\"@type\":\"BreadcrumbList\",\"@id\":\"https:\/\/instmanfield.com\/ca\/empresa\/#breadcrumb\",\"itemListElement\":[{\"@type\":\"ListItem\",\"position\":1,\"name\":\"Portada\",\"item\":\"https:\/\/instmanfield.com\/ca\/empresa\/\"},{\"@type\":\"ListItem\",\"position\":2,\"name\":\"Empresa\"}]},{\"@type\":\"WebSite\",\"@id\":\"https:\/\/instmanfield.com\/#website\",\"url\":\"https:\/\/instmanfield.com\/\",\"name\":\"INSTMAN FIELD\",\"description\":\"Servicio integral de ingenier\u00eda para soluciones industriales y eficiencia energ\u00e9tica del vapor\",\"publisher\":{\"@id\":\"https:\/\/instmanfield.com\/#organization\"},\"potentialAction\":[{\"@type\":\"SearchAction\",\"target\":{\"@type\":\"EntryPoint\",\"urlTemplate\":\"https:\/\/instmanfield.com\/?s={search_term_string}\"},\"query-input\":{\"@type\":\"PropertyValueSpecification\",\"valueRequired\":true,\"valueName\":\"search_term_string\"}}],\"inLanguage\":\"ca\"},{\"@type\":\"Organization\",\"@id\":\"https:\/\/instmanfield.com\/#organization\",\"name\":\"INSTMAN FIELD\",\"url\":\"https:\/\/instmanfield.com\/\",\"logo\":{\"@type\":\"ImageObject\",\"inLanguage\":\"ca\",\"@id\":\"https:\/\/instmanfield.com\/#\/schema\/logo\/image\/\",\"url\":\"https:\/\/instmanfield.com\/wp-content\/uploads\/2023\/03\/instamanLogo.png\",\"contentUrl\":\"https:\/\/instmanfield.com\/wp-content\/uploads\/2023\/03\/instamanLogo.png\",\"width\":371,\"height\":221,\"caption\":\"INSTMAN FIELD\"},\"image\":{\"@id\":\"https:\/\/instmanfield.com\/#\/schema\/logo\/image\/\"}}]}<\/script>\n<!-- \/ Yoast SEO plugin. -->","yoast_head_json":{"title":"Empresa - INSTMAN FIELD","description":"Empresa","robots":{"index":"index","follow":"follow","max-snippet":"max-snippet:-1","max-image-preview":"max-image-preview:large","max-video-preview":"max-video-preview:-1"},"canonical":"https:\/\/instmanfield.com\/ca\/empresa\/","og_locale":"ca_ES","og_type":"article","og_title":"Empresa - INSTMAN FIELD","og_description":"Empresa","og_url":"https:\/\/instmanfield.com\/ca\/empresa\/","og_site_name":"INSTMAN FIELD","article_modified_time":"2025-11-24T21:53:00+00:00","twitter_card":"summary_large_image","twitter_misc":{"Temps estimat de lectura":"2 minuts"},"schema":{"@context":"https:\/\/schema.org","@graph":[{"@type":"WebPage","@id":"https:\/\/instmanfield.com\/ca\/empresa\/","url":"https:\/\/instmanfield.com\/ca\/empresa\/","name":"Empresa - INSTMAN FIELD","isPartOf":{"@id":"https:\/\/instmanfield.com\/#website"},"datePublished":"2022-05-24T10:15:47+00:00","dateModified":"2025-11-24T21:53:00+00:00","description":"Empresa","breadcrumb":{"@id":"https:\/\/instmanfield.com\/ca\/empresa\/#breadcrumb"},"inLanguage":"ca","potentialAction":[{"@type":"ReadAction","target":["https:\/\/instmanfield.com\/ca\/empresa\/"]}]},{"@type":"BreadcrumbList","@id":"https:\/\/instmanfield.com\/ca\/empresa\/#breadcrumb","itemListElement":[{"@type":"ListItem","position":1,"name":"Portada","item":"https:\/\/instmanfield.com\/ca\/empresa\/"},{"@type":"ListItem","position":2,"name":"Empresa"}]},{"@type":"WebSite","@id":"https:\/\/instmanfield.com\/#website","url":"https:\/\/instmanfield.com\/","name":"INSTMAN FIELD","description":"Servicio integral de ingenier\u00eda para soluciones industriales y eficiencia energ\u00e9tica del vapor","publisher":{"@id":"https:\/\/instmanfield.com\/#organization"},"potentialAction":[{"@type":"SearchAction","target":{"@type":"EntryPoint","urlTemplate":"https:\/\/instmanfield.com\/?s={search_term_string}"},"query-input":{"@type":"PropertyValueSpecification","valueRequired":true,"valueName":"search_term_string"}}],"inLanguage":"ca"},{"@type":"Organization","@id":"https:\/\/instmanfield.com\/#organization","name":"INSTMAN FIELD","url":"https:\/\/instmanfield.com\/","logo":{"@type":"ImageObject","inLanguage":"ca","@id":"https:\/\/instmanfield.com\/#\/schema\/logo\/image\/","url":"https:\/\/instmanfield.com\/wp-content\/uploads\/2023\/03\/instamanLogo.png","contentUrl":"https:\/\/instmanfield.com\/wp-content\/uploads\/2023\/03\/instamanLogo.png","width":371,"height":221,"caption":"INSTMAN FIELD"},"image":{"@id":"https:\/\/instmanfield.com\/#\/schema\/logo\/image\/"}}]}},"_links":{"self":[{"href":"https:\/\/instmanfield.com\/ca\/wp-json\/wp\/v2\/pages\/989","targetHints":{"allow":["GET"]}}],"collection":[{"href":"https:\/\/instmanfield.com\/ca\/wp-json\/wp\/v2\/pages"}],"about":[{"href":"https:\/\/instmanfield.com\/ca\/wp-json\/wp\/v2\/types\/page"}],"author":[{"embeddable":true,"href":"https:\/\/instmanfield.com\/ca\/wp-json\/wp\/v2\/users\/2"}],"replies":[{"embeddable":true,"href":"https:\/\/instmanfield.com\/ca\/wp-json\/wp\/v2\/comments?post=989"}],"version-history":[{"count":1,"href":"https:\/\/instmanfield.com\/ca\/wp-json\/wp\/v2\/pages\/989\/revisions"}],"predecessor-version":[{"id":3665,"href":"https:\/\/instmanfield.com\/ca\/wp-json\/wp\/v2\/pages\/989\/revisions\/3665"}],"wp:attachment":[{"href":"https:\/\/instmanfield.com\/ca\/wp-json\/wp\/v2\/media?parent=989"}],"curies":[{"name":"wp","href":"https:\/\/api.w.org\/{rel}","templated":true}]}}