{"id":1055,"date":"2022-05-24T11:10:09","date_gmt":"2022-05-24T11:10:09","guid":{"rendered":"https:\/\/instmanfield.com\/avis-legal\/"},"modified":"2025-11-24T22:22:51","modified_gmt":"2025-11-24T22:22:51","slug":"avis-legal","status":"publish","type":"page","link":"https:\/\/instmanfield.com\/ca\/avis-legal\/","title":{"rendered":"Av\u00eds Legal amb Pol\u00edtica de Privadesa"},"content":{"rendered":"<p><strong>AV\u00cdS LEGAL<\/strong><\/p>\n<p>Aquesta p\u00e0gina Web \u00e9s propietat de INSTMAN FIELD, S. a. amb NIF n\u00fam. A59931501 i domicili en C\/ AIGUAFREDA 14, NAU 1, L&#8217;AMETLLA DEL VALL\u00c9S, 08480, BARCELONA i Inscrita en el Registre Mercantil de Barcelona amb les seg\u00fcents dades d&#8217;inscripci\u00f3: Tom 21989, Foli 0001, Fulla 30580, inscripci\u00f3 1a<\/p>\n<p>Per a qualsevol consulta o proposta, contacti&#8217;ns en l&#8217;e-mail: info@instmanfield.com o en el tel\u00e8fon 937811553<\/p>\n<p>Aquesta p\u00e0gina Web es regeix per la normativa exclusivament aplicable a Espanya i l&#8217;espai que compr\u00e8n la Uni\u00f3 Europea, quedant sotmesa a ella, tant nacionals com estrangers que utilitzin aquesta Web.<\/p>\n<p>L&#8217;acc\u00e9s a la nostra p\u00e0gina Web per part de l&#8217;USUARI \u00e9s gratu\u00eft i est\u00e0 condicionat a la pr\u00e8via lectura i acceptaci\u00f3 integra, expressa i sense reserves de les presents CONDICIONS GENERALS D&#8217;\u00daS vigents en el moment de l&#8217;acc\u00e9s, que preguem que llegeixi detingudament. L&#8217;USUARI en el moment que utilitza el nostre portal, els seus continguts o serveis, accepta i se sotmet expressament a les condicions generals d&#8217;\u00fas d&#8217;aquest. Si l&#8217;usuari no estigu\u00e9s d&#8217;acord amb les presents condicions d&#8217;\u00fas, haur\u00e0 d&#8217;abstenir-se d&#8217;utilitzar aquest portal i operar per mitj\u00e0 d&#8217;aquest.<\/p>\n<p>En qualsevol moment podrem modificar la presentaci\u00f3 i configuraci\u00f3 de la nostra Web, ampliar o reduir serveis, i fins i tot suprimir-la de la Xarxa, aix\u00ed com els serveis i continguts prestats, tot aix\u00f2 de manera unilateral i sense previ av\u00eds.<\/p>\n<ol>\n<li><strong> PROPIETAT INTEL-LECTUAL<\/strong><\/li>\n<\/ol>\n<p>Tots els continguts, textos, imatges, marques i codis font s\u00f3n de la nostra propietat o de tercers als quals s&#8217;han adquirit els seus drets d&#8217;explotaci\u00f3, i estan protegits pels drets de Propietat Intel\u00b7lectual i Industrial.<\/p>\n<p>L&#8217;usuari \u00fanicament t\u00e9 dret a un \u00fas privat d&#8217;aquests, sense \u00e0nim de lucre, i necessita autoritzaci\u00f3 expressa per a modificar-los, reproduir-los, explotar-los, distribuir-los o exercir qualsevol dret pertanyent al seu titular.<\/p>\n<ol>\n<li><strong> PROPIETAT INTEL-LECTUAL<\/strong><\/li>\n<\/ol>\n<p>L&#8217;acc\u00e9s a la nostra p\u00e0gina Web \u00e9s gratu\u00eft i no exigeix pr\u00e8via subscripci\u00f3 o registre.<\/p>\n<p>L&#8217;enviament de dades personals implica l&#8217;acceptaci\u00f3 expressa per part de l&#8217;USUARI de la nostra pol\u00edtica de privacitat, amb l&#8217;habilitaci\u00f3 del check respectiu en el moment de l&#8217;enviament de les seves dades.<\/p>\n<p>L&#8217;usuari ha d&#8217;accedir a la nostra p\u00e0gina Web conforme a la bona fe, les normes d&#8217;ordre p\u00fablic i a les presents Condicions Generals d&#8217;\u00fas. L&#8217;acc\u00e9s al nostre lloc web es realitza sota la pr\u00f2pia i exclusiva responsabilitat de l&#8217;usuari, que respondr\u00e0 en tot cas dels danys i perjudicis que pugui causar a tercers o a nosaltres mateixos.<\/p>\n<p>Tenint en compte la impossibilitat de control respecte a la informaci\u00f3, continguts i serveis que continguin altres p\u00e0gines web als quals es pugui accedir a trav\u00e9s dels enlla\u00e7os que la nostra p\u00e0gina web pugui posar a la seva disposici\u00f3, li comuniquem que quedem eximits de qualsevol responsabilitat pels danys i perjudicis de tota classe que poguessin derivar per la utilitzaci\u00f3 d&#8217;aquestes p\u00e0gines web, alienes a la nostra empresa, per part de l&#8217;usuari.<\/p>\n<ol>\n<li><strong> POL\u00cdTICA DE PRIVACITAT<\/strong><\/li>\n<\/ol>\n<p>La confidencialitat i la seguretat s\u00f3n valors primordials de INSTMAN FIELD, SA i, en conseq\u00fc\u00e8ncia, assumim el comprom\u00eds de garantir la privacitat de l&#8217;Usuari en tot moment i de no recaptar informaci\u00f3 necess\u00e0ria.xxx A continuaci\u00f3, li proporcionem tota la informaci\u00f3 necess\u00e0ria sobre la nostra Pol\u00edtica de Privacitat en relaci\u00f3 amb les dades personals que recaptem, explicant-li:<\/p>\n<ul>\n<li>Qui \u00e9s el responsable del tractament de les seves dades.<\/li>\n<li>Per a quines finalitats recaptem les dades que li sol\u00b7licitem.<\/li>\n<li>Quina \u00e9s la legitimaci\u00f3 per al tractament.<\/li>\n<li>Durant quant de temps els conservem.<\/li>\n<li>A quins destinataris es comuniquen les seves dades.<\/li>\n<li>Quins s\u00f3n els seus drets<\/li>\n<\/ul>\n<ol>\n<li> <em> RESPONSABLE<\/em>: veure dades en l&#8217;encap\u00e7alament.<\/li>\n<li> <em> FINALITATS, LEGITIMACI\u00d3 I CONSERVACI\u00d3<\/em> dels tractaments de les dades enviades a trav\u00e9s de:<\/li>\n<\/ol>\n<ul>\n<li>Formulari de Contacte.\n<ul>\n<li>Finalitat: Facilitar-li un mitj\u00e0 perqu\u00e8 pugui posar-se en contacte amb nosaltres i contestar a les seves sol\u00b7licituds d&#8217;informaci\u00f3, aix\u00ed com enviar-li comunicacions dels nostres productes, serveis i activitats, inclusivament per mitjans electr\u00f2nics (correu electr\u00f2nic, SMS, whatsapp), nom\u00e9s si marca la casella corresponent atorgant el consentiment expr\u00e9s.<\/li>\n<li>Legitimaci\u00f3: El consentiment de l&#8217;usuari en sol\u00b7licitar-nos informaci\u00f3 a trav\u00e9s del nostre formulari de contactes i en marcar la casella d&#8217;acceptaci\u00f3 d&#8217;enviament d&#8217;informaci\u00f3.<\/li>\n<li>Conservaci\u00f3: Una vegada resolta la seva sol\u00b7licitud per mitj\u00e0 del nostre formulari o contestada per correu electr\u00f2nic, si no ha generat un nou tractament, i en cas d&#8217;haver acceptat rebre enviaments comercials, fins que sol\u00b7liciti la baixa d&#8217;aquests.<\/li>\n<\/ul>\n<\/li>\n<li>Enviament de correus electr\u00f2nics.\n<ul>\n<li>Finalitat: Contestar a les seves sol\u00b7licituds d&#8217;informaci\u00f3, atendre les seves peticions i respondre les seves consultes o dubtes. En cas de rebre el seu Curriculum vitae, les seves dades personals i curriculars podran formar part de les nostres bases de dades per a participar en els nostres processos de selecci\u00f3 presents i futurs.<\/li>\n<li>Legitimaci\u00f3: El consentiment de l&#8217;usuari en sol\u00b7licitar-nos informaci\u00f3 a trav\u00e9s de l&#8217;adre\u00e7a de correu electr\u00f2nic o enviar-nos les seves dades i CV per a participar en els nostres processos de selecci\u00f3.<\/li>\n<li>Conservaci\u00f3: Una vegada resulta contestada la seva petici\u00f3 per correu electr\u00f2nic, si no ha generat un nou tractament. En el cas de rebre el seu CV, les seves dades podran ser conservats durant 6 mesos per a futurs processos de selecci\u00f3.<\/li>\n<\/ul>\n<\/li>\n<\/ul>\n<p><em>&#8211; Obligaci\u00f3 de facilitar-nos les seves dades personals i conseq\u00fc\u00e8ncies de no fer-ho.<\/em><\/p>\n<p>El subministrament de dades personals requereix una edat m\u00ednima de 18 anys, o en el seu cas, disposar de capacitat jur\u00eddica suficient per a contractar. Les dades personals sol\u00b7licitades s\u00f3n necessaris per a gestionar les seves sol\u00b7licituds, donar-li d&#8217;alta com a usuari i\/o prestar-li els serveis que pugui contractar, per la qual cosa, si no ens els facilita, no podrem atendre-li correctament ni prestar-li el servei que ha sol\u00b7licitat.<\/p>\n<p>En tot cas, ens reservem el dret de decidir sobre la incorporaci\u00f3 o no de les seves dades personals i altra informaci\u00f3 a les nostres bases de dades.<\/p>\n<ol start=\"3\">\n<li><em> DESTINATARIS ALS QUALS ES COMUNIQUEN LES SEVES DADES.<\/em><\/li>\n<\/ol>\n<p>Les seves dades s\u00f3n confidencials i no se cediran a tercers, tret que existeixi obligaci\u00f3 legal.<\/p>\n<ol start=\"4\">\n<li><em> DRETS EN RELACI\u00d3 AMB LES SEVES DADES PERSONALS.<\/em><\/li>\n<\/ol>\n<p>Qualsevol persona pot retirar el seu consentiment en qualsevol moment despr\u00e9s d&#8217;haver-lo atorgat, sense necessitat de justificar el motiu En ning\u00fan caso, la retirada de este consentimiento condicionar\u00e1 la ejecuci\u00f3n del contrato o las relaciones generadas con anterioridad.<\/p>\n<p>Igualment, pot exercir els seg\u00fcents drets:<\/p>\n<ul>\n<li>Sol\u00b7licitar l&#8217;acc\u00e9s a les seves dades personals o la seva rectificaci\u00f3 quan siguin inexactes.<\/li>\n<li>Sol\u00b7licitar la seva supressi\u00f3 quan, entre altres motius, les dades ja no siguin necessaris per als fins per als quals van ser recollits.<\/li>\n<li>Sol\u00b7licitar la limitaci\u00f3 del seu tractament en determinades circumst\u00e0ncies.<\/li>\n<li>Sol\u00b7licitar l&#8217;oposici\u00f3 al tractament de les seves dades per motius relacionats amb la seva situaci\u00f3 particular.<\/li>\n<li>Sol\u00b7licitar la portabilitat de les dades en els casos previstos a la normativa.<\/li>\n<li>Altres drets reconeguts en les normatives aplicables.<\/li>\n<\/ul>\n<p>On i com sol\u00b7licitar els seus Drets: Mitjan\u00e7ant un escrit dirigit al responsable a la seva adre\u00e7a postal o electr\u00f2nica (indicades en l&#8217;Av\u00eds Legal), indicant la referencia &#8220;Dades Personals&#8221;, especificant el dret que es vol exercir i respecte a quines dades personals.<\/p>\n<p>On i com sol\u00b7licitar els seus Drets: Mitjan\u00e7ant un escrit dirigit al responsable a la seva adre\u00e7a postal o electr\u00f2nica (indicades en l&#8217;Av\u00eds Legal), indicant la referencia &#8220;Dades Personals&#8221;, especificant el dret que es vol exercir i respecte a quines dades personals.<\/p>\n<ol start=\"5\">\n<li><em> SEGURETAT DE LES SEVES DADES PERSONALS<\/em><\/li>\n<\/ol>\n<p>Amb l&#8217;objectiu de salvaguardar la seguretat de les seves dades personals, l&#8217;informem que hem adoptat totes les mesures d&#8217;\u00edndole t\u00e8cnica i organitzativa necess\u00e0ries per a garantir la seguretat de les dades personals subministrades i evitar la seva alteraci\u00f3, p\u00e8rdua i tractaments o accessos no autoritzats.<\/p>\n<ol start=\"6\">\n<li><em> ACTUALITZACI\u00d3 DE LES SEVES DADES<\/em><\/li>\n<\/ol>\n<p>\u00c9s important que perqu\u00e8 puguem mantenir les seves dades personals actualitzades, ens informi sempre que hi hagi hagut alguna modificaci\u00f3 en ells, en cas contrari, no responem de la veracitat d&#8217;aquests.<\/p>\n<p>No ens fem responsables de la pol\u00edtica de privacitat respecte a les dades personals que pugui facilitar a tercers per mitj\u00e0 dels enlla\u00e7os disponibles en la nostra p\u00e0gina web.<\/p>\n<p>La present Pol\u00edtica de Privacitat pot ser modificada per a adaptar-les als canvis que es produeixi en la nostra web, aix\u00ed com modificacions legislatives o jurisprudencials sobre dades personals que vagin apareixent, per la qual cosa exigeix la seva lectura, cada vegada que ens faciliti les seves dades a trav\u00e9s d&#8217;aquesta Web.<\/p>\n<ol>\n<li><strong> RESPONSABILITAT<\/strong><\/li>\n<\/ol>\n<p>En posar a la disposici\u00f3 de l&#8217;usuari aquesta p\u00e0gina Web volem oferir-li un servei de qualitat, utilitzant la m\u00e0xima dilig\u00e8ncia en la prestaci\u00f3 d&#8217;aquest, aix\u00ed com en els mitjans tecnol\u00f2gics utilitzats. No obstant aix\u00f2, no respondrem de la pres\u00e8ncia de virus i altres elements que d&#8217;alguna manera puguin danyar el sistema inform\u00e0tic de l&#8217;usuari.<\/p>\n<p>No garantim que la disponibilitat del servei sigui cont\u00ednua i ininterrompuda.<\/p>\n<p>L&#8217;USUARI t\u00e9 prohibit qualsevol tipus d&#8217;acci\u00f3 sobre el nostre portal que origini una excessiva sobrec\u00e0rrega de funcionament als nostres sistemes inform\u00e0tics, aix\u00ed com la introducci\u00f3 de virus, o instal\u00b7laci\u00f3 de robots, o programari que alteri el normal funcionament de la nostra web, o en definitiva pugui causar danys als nostres sistemes inform\u00e0tics.<\/p>\n<p>L&#8217;USUARI assumeix tota la responsabilitat derivada de l&#8217;\u00fas de la nostra p\u00e0gina web i reconeix que ha ent\u00e8s tota la informaci\u00f3 respecte a les condicions d&#8217;\u00fas del nostre portal, sent suficients per a l&#8217;exclusi\u00f3 d&#8217;error en aquestes, i per tant, les accepta integra i expressament.<\/p>\n","protected":false},"excerpt":{"rendered":"<p>AV\u00cdS LEGAL Aquesta p\u00e0gina Web \u00e9s propietat de INSTMAN FIELD, S. a. amb NIF n\u00fam. A59931501 i domicili en C\/ AIGUAFREDA 14, NAU 1, L&#8217;AMETLLA DEL VALL\u00c9S, 08480, BARCELONA i Inscrita en el Registre Mercantil de Barcelona amb les seg\u00fcents dades d&#8217;inscripci\u00f3: Tom 21989, Foli 0001, Fulla 30580, inscripci\u00f3 1a Per a qualsevol consulta o [&hellip;]<\/p>\n","protected":false},"author":2,"featured_media":0,"parent":0,"menu_order":0,"comment_status":"closed","ping_status":"closed","template":"","meta":{"_acf_changed":false,"footnotes":""},"class_list":["post-1055","page","type-page","status-publish","hentry"],"acf":[],"yoast_head":"<!-- This site is optimized with the Yoast SEO plugin v27.1.1 - https:\/\/yoast.com\/product\/yoast-seo-wordpress\/ -->\n<title>Av\u00eds Legal amb Pol\u00edtica de Privadesa - INSTMAN FIELD<\/title>\n<meta name=\"description\" content=\"Avis legal ,\" \/>\n<meta name=\"robots\" content=\"noindex, nofollow\" \/>\n<meta property=\"og:locale\" content=\"ca_ES\" \/>\n<meta property=\"og:type\" content=\"article\" \/>\n<meta property=\"og:title\" content=\"Av\u00eds Legal amb Pol\u00edtica de Privadesa - INSTMAN FIELD\" \/>\n<meta property=\"og:description\" content=\"Avis legal ,\" \/>\n<meta property=\"og:url\" content=\"https:\/\/instmanfield.com\/ca\/avis-legal\/\" \/>\n<meta property=\"og:site_name\" content=\"INSTMAN FIELD\" \/>\n<meta property=\"article:modified_time\" content=\"2025-11-24T22:22:51+00:00\" \/>\n<meta name=\"twitter:card\" content=\"summary_large_image\" \/>\n<meta name=\"twitter:label1\" content=\"Temps estimat de lectura\" \/>\n\t<meta name=\"twitter:data1\" content=\"8 minuts\" \/>\n<script type=\"application\/ld+json\" class=\"yoast-schema-graph\">{\"@context\":\"https:\/\/schema.org\",\"@graph\":[{\"@type\":\"WebPage\",\"@id\":\"https:\/\/instmanfield.com\/ca\/avis-legal\/\",\"url\":\"https:\/\/instmanfield.com\/ca\/avis-legal\/\",\"name\":\"Av\u00eds Legal amb Pol\u00edtica de Privadesa - INSTMAN FIELD\",\"isPartOf\":{\"@id\":\"https:\/\/instmanfield.com\/#website\"},\"datePublished\":\"2022-05-24T11:10:09+00:00\",\"dateModified\":\"2025-11-24T22:22:51+00:00\",\"description\":\"Avis legal ,\",\"breadcrumb\":{\"@id\":\"https:\/\/instmanfield.com\/ca\/avis-legal\/#breadcrumb\"},\"inLanguage\":\"ca\",\"potentialAction\":[{\"@type\":\"ReadAction\",\"target\":[\"https:\/\/instmanfield.com\/ca\/avis-legal\/\"]}]},{\"@type\":\"BreadcrumbList\",\"@id\":\"https:\/\/instmanfield.com\/ca\/avis-legal\/#breadcrumb\",\"itemListElement\":[{\"@type\":\"ListItem\",\"position\":1,\"name\":\"Portada\",\"item\":\"https:\/\/instmanfield.com\/ca\/empresa\/\"},{\"@type\":\"ListItem\",\"position\":2,\"name\":\"Av\u00eds Legal amb Pol\u00edtica de Privadesa\"}]},{\"@type\":\"WebSite\",\"@id\":\"https:\/\/instmanfield.com\/#website\",\"url\":\"https:\/\/instmanfield.com\/\",\"name\":\"INSTMAN FIELD\",\"description\":\"Servicio integral de ingenier\u00eda para soluciones industriales y eficiencia energ\u00e9tica del vapor\",\"publisher\":{\"@id\":\"https:\/\/instmanfield.com\/#organization\"},\"potentialAction\":[{\"@type\":\"SearchAction\",\"target\":{\"@type\":\"EntryPoint\",\"urlTemplate\":\"https:\/\/instmanfield.com\/?s={search_term_string}\"},\"query-input\":{\"@type\":\"PropertyValueSpecification\",\"valueRequired\":true,\"valueName\":\"search_term_string\"}}],\"inLanguage\":\"ca\"},{\"@type\":\"Organization\",\"@id\":\"https:\/\/instmanfield.com\/#organization\",\"name\":\"INSTMAN FIELD\",\"url\":\"https:\/\/instmanfield.com\/\",\"logo\":{\"@type\":\"ImageObject\",\"inLanguage\":\"ca\",\"@id\":\"https:\/\/instmanfield.com\/#\/schema\/logo\/image\/\",\"url\":\"https:\/\/instmanfield.com\/wp-content\/uploads\/2023\/03\/instamanLogo.png\",\"contentUrl\":\"https:\/\/instmanfield.com\/wp-content\/uploads\/2023\/03\/instamanLogo.png\",\"width\":371,\"height\":221,\"caption\":\"INSTMAN FIELD\"},\"image\":{\"@id\":\"https:\/\/instmanfield.com\/#\/schema\/logo\/image\/\"}}]}<\/script>\n<!-- \/ Yoast SEO plugin. -->","yoast_head_json":{"title":"Av\u00eds Legal amb Pol\u00edtica de Privadesa - INSTMAN FIELD","description":"Avis legal ,","robots":{"index":"noindex","follow":"nofollow"},"og_locale":"ca_ES","og_type":"article","og_title":"Av\u00eds Legal amb Pol\u00edtica de Privadesa - INSTMAN FIELD","og_description":"Avis legal ,","og_url":"https:\/\/instmanfield.com\/ca\/avis-legal\/","og_site_name":"INSTMAN FIELD","article_modified_time":"2025-11-24T22:22:51+00:00","twitter_card":"summary_large_image","twitter_misc":{"Temps estimat de lectura":"8 minuts"},"schema":{"@context":"https:\/\/schema.org","@graph":[{"@type":"WebPage","@id":"https:\/\/instmanfield.com\/ca\/avis-legal\/","url":"https:\/\/instmanfield.com\/ca\/avis-legal\/","name":"Av\u00eds Legal amb Pol\u00edtica de Privadesa - INSTMAN FIELD","isPartOf":{"@id":"https:\/\/instmanfield.com\/#website"},"datePublished":"2022-05-24T11:10:09+00:00","dateModified":"2025-11-24T22:22:51+00:00","description":"Avis legal ,","breadcrumb":{"@id":"https:\/\/instmanfield.com\/ca\/avis-legal\/#breadcrumb"},"inLanguage":"ca","potentialAction":[{"@type":"ReadAction","target":["https:\/\/instmanfield.com\/ca\/avis-legal\/"]}]},{"@type":"BreadcrumbList","@id":"https:\/\/instmanfield.com\/ca\/avis-legal\/#breadcrumb","itemListElement":[{"@type":"ListItem","position":1,"name":"Portada","item":"https:\/\/instmanfield.com\/ca\/empresa\/"},{"@type":"ListItem","position":2,"name":"Av\u00eds Legal amb Pol\u00edtica de Privadesa"}]},{"@type":"WebSite","@id":"https:\/\/instmanfield.com\/#website","url":"https:\/\/instmanfield.com\/","name":"INSTMAN FIELD","description":"Servicio integral de ingenier\u00eda para soluciones industriales y eficiencia energ\u00e9tica del vapor","publisher":{"@id":"https:\/\/instmanfield.com\/#organization"},"potentialAction":[{"@type":"SearchAction","target":{"@type":"EntryPoint","urlTemplate":"https:\/\/instmanfield.com\/?s={search_term_string}"},"query-input":{"@type":"PropertyValueSpecification","valueRequired":true,"valueName":"search_term_string"}}],"inLanguage":"ca"},{"@type":"Organization","@id":"https:\/\/instmanfield.com\/#organization","name":"INSTMAN FIELD","url":"https:\/\/instmanfield.com\/","logo":{"@type":"ImageObject","inLanguage":"ca","@id":"https:\/\/instmanfield.com\/#\/schema\/logo\/image\/","url":"https:\/\/instmanfield.com\/wp-content\/uploads\/2023\/03\/instamanLogo.png","contentUrl":"https:\/\/instmanfield.com\/wp-content\/uploads\/2023\/03\/instamanLogo.png","width":371,"height":221,"caption":"INSTMAN FIELD"},"image":{"@id":"https:\/\/instmanfield.com\/#\/schema\/logo\/image\/"}}]}},"_links":{"self":[{"href":"https:\/\/instmanfield.com\/ca\/wp-json\/wp\/v2\/pages\/1055","targetHints":{"allow":["GET"]}}],"collection":[{"href":"https:\/\/instmanfield.com\/ca\/wp-json\/wp\/v2\/pages"}],"about":[{"href":"https:\/\/instmanfield.com\/ca\/wp-json\/wp\/v2\/types\/page"}],"author":[{"embeddable":true,"href":"https:\/\/instmanfield.com\/ca\/wp-json\/wp\/v2\/users\/2"}],"replies":[{"embeddable":true,"href":"https:\/\/instmanfield.com\/ca\/wp-json\/wp\/v2\/comments?post=1055"}],"version-history":[{"count":2,"href":"https:\/\/instmanfield.com\/ca\/wp-json\/wp\/v2\/pages\/1055\/revisions"}],"predecessor-version":[{"id":3677,"href":"https:\/\/instmanfield.com\/ca\/wp-json\/wp\/v2\/pages\/1055\/revisions\/3677"}],"wp:attachment":[{"href":"https:\/\/instmanfield.com\/ca\/wp-json\/wp\/v2\/media?parent=1055"}],"curies":[{"name":"wp","href":"https:\/\/api.w.org\/{rel}","templated":true}]}}