{"id":1013,"date":"2022-05-24T11:09:59","date_gmt":"2022-05-24T11:09:59","guid":{"rendered":"https:\/\/instmanfield.com\/politica-de-cookies\/"},"modified":"2024-10-30T18:53:29","modified_gmt":"2024-10-30T18:53:29","slug":"politica-de-cookies","status":"publish","type":"page","link":"https:\/\/instmanfield.com\/ca\/politica-de-cookies\/","title":{"rendered":"Pol\u00edtica de cookies"},"content":{"rendered":"<p><strong>POL\u00cdTICA DE COOKIES<\/strong><\/p>\n<p>INSTMAN FIELD utilitza cookies per a facilitar la navegaci\u00f3 per aquest portal i per a obtenir una major efic\u00e0cia i personalitzaci\u00f3 dels serveis oferts als usuaris.<\/p>\n<p>Les cookies emprades en INSTMAN FIELD s&#8217;associen \u00fanicament amb un usuari an\u00f2nim i el seu ordinador, no proporcionen refer\u00e8ncies que permetin deduir el nom i cognoms de l&#8217;usuari i no poden llegir dades del seu disc dur ni incloure virus en els seus equips.<\/p>\n<p>Aix\u00ed mateix, INSTMAN FIELD no pot llegir les cookies implantades en el disc dur de l&#8217;usuari des d&#8217;altres servidors.<\/p>\n<p>L&#8217;usuari pot lliurement decidir sobre la implantaci\u00f3 o no en el seu disc dur de les cookies emprades en INSTMAN FIELD.<\/p>\n<p>En aquest sentit, l&#8217;usuari pot configurar el seu navegador per a acceptar o rebutjar per defecte totes les cookies o per a rebre un av\u00eds en pantalla de la recepci\u00f3 de cada cookie i decidir en aquest moment la seva implantaci\u00f3 o no en el seu disc dur. Per a aix\u00f2 li suggerim consultar la secci\u00f3 d&#8217;ajuda del seu navegador per a saber com canviar la configuraci\u00f3 que actualment empra.<\/p>\n<p>Encara que l&#8217;usuari configur\u00e9s el seu navegador per a rebutjar totes les cookies o rebutg\u00e9s expressament les cookies INSTMAN FIELD podr\u00e0\u0301 navegar pel portal amb l&#8217;\u00fanic inconvenient de no poder gaudir de les funcionalitats del portal que requereixin la instal\u00b7laci\u00f3 d&#8217;alguna d&#8217;elles.<\/p>\n<p>En qualsevol cas, l&#8217;usuari podr\u00e0\u0301 eliminar les cookies INSTMAN FIELD implantades en el seu disc dur en qualsevol moment, seguint el procediment establert en la secci\u00f3 d&#8217;ajuda del seu navegador o entrant en l&#8217;enlla\u00e7 Pol\u00edtica de Cookies d&#8217;aquest lloc web<\/p>\n<p>&nbsp;<\/p>\n<p><strong>ANTECEDENTS<\/strong><\/p>\n<p>De conformitat amb la normativa espanyola que regula l&#8217;\u00fas de cookies en relaci\u00f3 a la prestaci\u00f3 de serveis de comunicacions electr\u00f2niques, recollida en el Reial decret llei 13\/2012 del 30 de mar\u00e7, l&#8217;informem sobre les cookies utilitzades en el lloc web de INSTMAN FIELD, i el motiu del seu \u00fas.<\/p>\n<p>Aix\u00ed mateix, l&#8217;informem que en navegar en el Lloc web l&#8217;usuari est\u00e0 prestant el seu consentiment per a poder utilitzar-les.<\/p>\n<p>&nbsp;<\/p>\n<p><strong>\u00bfQU\u00c8 S\u00d3N LES COOKIES?<\/strong><\/p>\n<p>&nbsp;<\/p>\n<p>Una cookie \u00e9s un fitxer que es descarrega en el seu ordinador en accedir a determinades p\u00e0gines web.<\/p>\n<p>Les cookies permeten a una p\u00e0gina web, entre altres coses, emmagatzemar i recuperar informaci\u00f3 sobre els h\u00e0bits de navegaci\u00f3 d&#8217;un usuari o del seu equip i, depenent de la informaci\u00f3 que continguin i de la forma en qu\u00e8 utilitzi el seu equip, poden utilitzar-se per a recon\u00e8ixer a l&#8217;usuari.<\/p>\n<p>Les cookies s&#8217;associen \u00fanicament a un usuari an\u00f2nim i el seu ordinador o dispositiu i no proporcionen refer\u00e8ncies que permetin con\u00e8ixer les seves dades personals.<\/p>\n<p>&nbsp;<\/p>\n<p><strong>COOKIES AFECTADAS PER LA NORMATIVA Y COOKIES EXENTAS<\/strong><\/p>\n<p>Segons la directiva de la UE, les cookies que requereixen el consentiment informat per part de l&#8217;usuari s\u00f3n les cookies anal\u00edtiques i les de publicitat i afiliaci\u00f3, quedant exceptuades les de car\u00e0cter t\u00e8cnic i les necess\u00e0ries per al funcionament del lloc web o la prestaci\u00f3 de serveis expressament demandats per l&#8217;usuari.<\/p>\n<p>&nbsp;<\/p>\n<p><strong>TIPUS DE COOKIES<\/strong><\/p>\n<p>&nbsp;<\/p>\n<ol>\n<li>a) En fonction de l&#8217;entit\u00e9 qui les g\u00e8re, il existe des<strong> cookies propres<\/strong><br \/>(ceux qui sont envoy\u00e9s \u00e0 l&#8217;\u00e9quipement terminal de l&#8217;utilisateur depuis un ordinateur ou un domaine g\u00e9r\u00e9 par l&#8217;\u00e9diteur lui-m\u00eame et \u00e0 partir duquel est fourni le service demand\u00e9 par l&#8217;utilisateur) et <strong>de tiers<\/strong><br \/>(ceux qui sont envoy\u00e9s \u00e0 l&#8217;\u00e9quipement terminal de l&#8217;utilisateur depuis un ordinateur ou un domaine qui n&#8217;est pas g\u00e9r\u00e9 par l&#8217;\u00e9diteur, mais par une autre entit\u00e9 qui traite les donn\u00e9es obtenues via les cookies).<\/li>\n<\/ol>\n<p>&nbsp;<\/p>\n<ol>\n<li>b) En fonction du temps pendant lequel ils restent actifs, il y en a des de <strong>session<\/strong><br \/>(con\u00e7u pour collecter et stocker des donn\u00e9es pendant que l&#8217;utilisateur acc\u00e8de \u00e0 une page Web) et <strong>persistant<\/strong><br \/>(dans lequel les donn\u00e9es sont stock\u00e9es dans le terminal et peuvent \u00eatre consult\u00e9es et trait\u00e9es pendant une dur\u00e9e d\u00e9finie par le responsable du cookie &#8211; elle peut aller de quelques minutes \u00e0 plusieurs ann\u00e9es).<\/li>\n<\/ol>\n<p>&nbsp;<\/p>\n<ol>\n<li>c) Segons la finalitat per a la qual tractin la informaci\u00f3 que recopilen, poden ser:<\/li>\n<\/ol>\n<p>&nbsp;<\/p>\n<p><strong>Cookies t\u00e8cniques<\/strong> (necesarias para el uso de la web y la prestaci\u00f3n del servicio contratado),<\/p>\n<p><strong>Cookies de personalitzaci\u00f3<\/strong> (que permet a l&#8217;usuari accedir al servei amb caracter\u00edstiques predefinides, com ara l&#8217;idioma, tipus de navegador, configuraci\u00f3 regional, etc.)<\/p>\n<p><strong>Galetes d&#8217;an\u00e0lisi<\/strong>(recullin informaci\u00f3 l&#8217;\u00fas que es fa de la web).<\/p>\n<p><strong>Galetes publicit\u00e0ries<\/strong>(recullen informaci\u00f3 sobre les prefer\u00e8ncies i eleccions personals dels usuaris).<\/p>\n<p><strong>Cookies d&#8217;afiliats<\/strong> (permeten realitzar un seguiment de les visites procedents d&#8217;altres webs, amb les quals el lloc web estableix un contracte d&#8217;afiliaci\u00f3).<\/p>\n","protected":false},"excerpt":{"rendered":"<p>POL\u00cdTICA DE COOKIES INSTMAN FIELD utilitza cookies per a facilitar la navegaci\u00f3 per aquest portal i per a obtenir una major efic\u00e0cia i personalitzaci\u00f3 dels serveis oferts als usuaris. Les cookies emprades en INSTMAN FIELD s&#8217;associen \u00fanicament amb un usuari an\u00f2nim i el seu ordinador, no proporcionen refer\u00e8ncies que permetin deduir el nom i cognoms [&hellip;]<\/p>\n","protected":false},"author":2,"featured_media":0,"parent":0,"menu_order":0,"comment_status":"closed","ping_status":"closed","template":"","meta":{"_acf_changed":false,"footnotes":""},"class_list":["post-1013","page","type-page","status-publish","hentry"],"acf":[],"yoast_head":"<!-- This site is optimized with the Yoast SEO plugin v27.1.1 - https:\/\/yoast.com\/product\/yoast-seo-wordpress\/ -->\n<title>Pol\u00edtica de cookies - INSTMAN FIELD<\/title>\n<meta name=\"robots\" content=\"index, follow, max-snippet:-1, max-image-preview:large, max-video-preview:-1\" \/>\n<link rel=\"canonical\" href=\"https:\/\/instmanfield.com\/ca\/politica-de-cookies\/\" \/>\n<meta property=\"og:locale\" content=\"ca_ES\" \/>\n<meta property=\"og:type\" content=\"article\" \/>\n<meta property=\"og:title\" content=\"Pol\u00edtica de cookies - INSTMAN FIELD\" \/>\n<meta property=\"og:description\" content=\"POL\u00cdTICA DE COOKIES INSTMAN FIELD utilitza cookies per a facilitar la navegaci\u00f3 per aquest portal i per a obtenir una major efic\u00e0cia i personalitzaci\u00f3 dels serveis oferts als usuaris. Les cookies emprades en INSTMAN FIELD s&#8217;associen \u00fanicament amb un usuari an\u00f2nim i el seu ordinador, no proporcionen refer\u00e8ncies que permetin deduir el nom i cognoms [&hellip;]\" \/>\n<meta property=\"og:url\" content=\"https:\/\/instmanfield.com\/ca\/politica-de-cookies\/\" \/>\n<meta property=\"og:site_name\" content=\"INSTMAN FIELD\" \/>\n<meta property=\"article:modified_time\" content=\"2024-10-30T18:53:29+00:00\" \/>\n<meta name=\"twitter:card\" content=\"summary_large_image\" \/>\n<meta name=\"twitter:label1\" content=\"Temps estimat de lectura\" \/>\n\t<meta name=\"twitter:data1\" content=\"4 minuts\" \/>\n<script type=\"application\/ld+json\" class=\"yoast-schema-graph\">{\"@context\":\"https:\/\/schema.org\",\"@graph\":[{\"@type\":\"WebPage\",\"@id\":\"https:\/\/instmanfield.com\/ca\/politica-de-cookies\/\",\"url\":\"https:\/\/instmanfield.com\/ca\/politica-de-cookies\/\",\"name\":\"Pol\u00edtica de cookies - INSTMAN FIELD\",\"isPartOf\":{\"@id\":\"https:\/\/instmanfield.com\/#website\"},\"datePublished\":\"2022-05-24T11:09:59+00:00\",\"dateModified\":\"2024-10-30T18:53:29+00:00\",\"breadcrumb\":{\"@id\":\"https:\/\/instmanfield.com\/ca\/politica-de-cookies\/#breadcrumb\"},\"inLanguage\":\"ca\",\"potentialAction\":[{\"@type\":\"ReadAction\",\"target\":[\"https:\/\/instmanfield.com\/ca\/politica-de-cookies\/\"]}]},{\"@type\":\"BreadcrumbList\",\"@id\":\"https:\/\/instmanfield.com\/ca\/politica-de-cookies\/#breadcrumb\",\"itemListElement\":[{\"@type\":\"ListItem\",\"position\":1,\"name\":\"Portada\",\"item\":\"https:\/\/instmanfield.com\/ca\/empresa\/\"},{\"@type\":\"ListItem\",\"position\":2,\"name\":\"Pol\u00edtica de cookies\"}]},{\"@type\":\"WebSite\",\"@id\":\"https:\/\/instmanfield.com\/#website\",\"url\":\"https:\/\/instmanfield.com\/\",\"name\":\"INSTMAN FIELD\",\"description\":\"Servicio integral de ingenier\u00eda para soluciones industriales y eficiencia energ\u00e9tica del vapor\",\"publisher\":{\"@id\":\"https:\/\/instmanfield.com\/#organization\"},\"potentialAction\":[{\"@type\":\"SearchAction\",\"target\":{\"@type\":\"EntryPoint\",\"urlTemplate\":\"https:\/\/instmanfield.com\/?s={search_term_string}\"},\"query-input\":{\"@type\":\"PropertyValueSpecification\",\"valueRequired\":true,\"valueName\":\"search_term_string\"}}],\"inLanguage\":\"ca\"},{\"@type\":\"Organization\",\"@id\":\"https:\/\/instmanfield.com\/#organization\",\"name\":\"INSTMAN FIELD\",\"url\":\"https:\/\/instmanfield.com\/\",\"logo\":{\"@type\":\"ImageObject\",\"inLanguage\":\"ca\",\"@id\":\"https:\/\/instmanfield.com\/#\/schema\/logo\/image\/\",\"url\":\"https:\/\/instmanfield.com\/wp-content\/uploads\/2023\/03\/instamanLogo.png\",\"contentUrl\":\"https:\/\/instmanfield.com\/wp-content\/uploads\/2023\/03\/instamanLogo.png\",\"width\":371,\"height\":221,\"caption\":\"INSTMAN FIELD\"},\"image\":{\"@id\":\"https:\/\/instmanfield.com\/#\/schema\/logo\/image\/\"}}]}<\/script>\n<!-- \/ Yoast SEO plugin. -->","yoast_head_json":{"title":"Pol\u00edtica de cookies - INSTMAN FIELD","robots":{"index":"index","follow":"follow","max-snippet":"max-snippet:-1","max-image-preview":"max-image-preview:large","max-video-preview":"max-video-preview:-1"},"canonical":"https:\/\/instmanfield.com\/ca\/politica-de-cookies\/","og_locale":"ca_ES","og_type":"article","og_title":"Pol\u00edtica de cookies - INSTMAN FIELD","og_description":"POL\u00cdTICA DE COOKIES INSTMAN FIELD utilitza cookies per a facilitar la navegaci\u00f3 per aquest portal i per a obtenir una major efic\u00e0cia i personalitzaci\u00f3 dels serveis oferts als usuaris. Les cookies emprades en INSTMAN FIELD s&#8217;associen \u00fanicament amb un usuari an\u00f2nim i el seu ordinador, no proporcionen refer\u00e8ncies que permetin deduir el nom i cognoms [&hellip;]","og_url":"https:\/\/instmanfield.com\/ca\/politica-de-cookies\/","og_site_name":"INSTMAN FIELD","article_modified_time":"2024-10-30T18:53:29+00:00","twitter_card":"summary_large_image","twitter_misc":{"Temps estimat de lectura":"4 minuts"},"schema":{"@context":"https:\/\/schema.org","@graph":[{"@type":"WebPage","@id":"https:\/\/instmanfield.com\/ca\/politica-de-cookies\/","url":"https:\/\/instmanfield.com\/ca\/politica-de-cookies\/","name":"Pol\u00edtica de cookies - INSTMAN FIELD","isPartOf":{"@id":"https:\/\/instmanfield.com\/#website"},"datePublished":"2022-05-24T11:09:59+00:00","dateModified":"2024-10-30T18:53:29+00:00","breadcrumb":{"@id":"https:\/\/instmanfield.com\/ca\/politica-de-cookies\/#breadcrumb"},"inLanguage":"ca","potentialAction":[{"@type":"ReadAction","target":["https:\/\/instmanfield.com\/ca\/politica-de-cookies\/"]}]},{"@type":"BreadcrumbList","@id":"https:\/\/instmanfield.com\/ca\/politica-de-cookies\/#breadcrumb","itemListElement":[{"@type":"ListItem","position":1,"name":"Portada","item":"https:\/\/instmanfield.com\/ca\/empresa\/"},{"@type":"ListItem","position":2,"name":"Pol\u00edtica de cookies"}]},{"@type":"WebSite","@id":"https:\/\/instmanfield.com\/#website","url":"https:\/\/instmanfield.com\/","name":"INSTMAN FIELD","description":"Servicio integral de ingenier\u00eda para soluciones industriales y eficiencia energ\u00e9tica del vapor","publisher":{"@id":"https:\/\/instmanfield.com\/#organization"},"potentialAction":[{"@type":"SearchAction","target":{"@type":"EntryPoint","urlTemplate":"https:\/\/instmanfield.com\/?s={search_term_string}"},"query-input":{"@type":"PropertyValueSpecification","valueRequired":true,"valueName":"search_term_string"}}],"inLanguage":"ca"},{"@type":"Organization","@id":"https:\/\/instmanfield.com\/#organization","name":"INSTMAN FIELD","url":"https:\/\/instmanfield.com\/","logo":{"@type":"ImageObject","inLanguage":"ca","@id":"https:\/\/instmanfield.com\/#\/schema\/logo\/image\/","url":"https:\/\/instmanfield.com\/wp-content\/uploads\/2023\/03\/instamanLogo.png","contentUrl":"https:\/\/instmanfield.com\/wp-content\/uploads\/2023\/03\/instamanLogo.png","width":371,"height":221,"caption":"INSTMAN FIELD"},"image":{"@id":"https:\/\/instmanfield.com\/#\/schema\/logo\/image\/"}}]}},"_links":{"self":[{"href":"https:\/\/instmanfield.com\/ca\/wp-json\/wp\/v2\/pages\/1013","targetHints":{"allow":["GET"]}}],"collection":[{"href":"https:\/\/instmanfield.com\/ca\/wp-json\/wp\/v2\/pages"}],"about":[{"href":"https:\/\/instmanfield.com\/ca\/wp-json\/wp\/v2\/types\/page"}],"author":[{"embeddable":true,"href":"https:\/\/instmanfield.com\/ca\/wp-json\/wp\/v2\/users\/2"}],"replies":[{"embeddable":true,"href":"https:\/\/instmanfield.com\/ca\/wp-json\/wp\/v2\/comments?post=1013"}],"version-history":[{"count":0,"href":"https:\/\/instmanfield.com\/ca\/wp-json\/wp\/v2\/pages\/1013\/revisions"}],"wp:attachment":[{"href":"https:\/\/instmanfield.com\/ca\/wp-json\/wp\/v2\/media?parent=1013"}],"curies":[{"name":"wp","href":"https:\/\/api.w.org\/{rel}","templated":true}]}}